{"id":457,"date":"2026-04-18T20:51:02","date_gmt":"2026-04-18T20:51:02","guid":{"rendered":"http:\/\/hflcdzh.cluster121.hosting.ovh.net\/?page_id=457"},"modified":"2026-04-18T20:52:17","modified_gmt":"2026-04-18T20:52:17","slug":"contact","status":"publish","type":"page","link":"https:\/\/gite-paimpol.fr\/index.php\/contact\/","title":{"rendered":"Contact"},"content":{"rendered":"\t\t<div data-elementor-type=\"wp-page\" data-elementor-id=\"457\" class=\"elementor elementor-457\">\n\t\t\t\t<div class=\"elementor-element elementor-element-346aaca e-flex e-con-boxed e-con e-parent\" data-id=\"346aaca\" data-element_type=\"container\" data-e-type=\"container\">\n\t\t\t\t\t<div class=\"e-con-inner\">\n\t\t\t\t\t\t\t\t<p class=\"e-paragraph-base\" data-interaction-id=\"122ce0e\"  >\n\t\t\t\t\t\t\t\tSi vous avez des questions \u00e0 propos de notre g\u00eete et conditions d'h\u00e9bergement, n'h\u00e9sitez pas \u00e0 nous contacter&nbsp;:<br>\n\t\t\t\t\t<\/p>\n\t\t\t\t\t<\/div>\n\t\t\t\t<\/div>\n\t\t<div class=\"elementor-element elementor-element-49043ec e-flex e-con-boxed e-con e-parent\" data-id=\"49043ec\" data-element_type=\"container\" data-e-type=\"container\">\n\t\t\t\t\t<div class=\"e-con-inner\">\n\t\t\t\t\t\t\t\t<p class=\"e-5d29b06-37312e0 e-paragraph-base\" data-interaction-id=\"5d29b06\"  >\n\t\t\t\t\t\t\t\t<strong id=\"e-mo4tcbvc-ockwwfq\">Mr et Mme LE BOUCHER<\/strong><br><strong id=\"e-mo4tcbvc-tb1r08a\">21 rue de GOAS PLAT<\/strong><br><strong id=\"e-mo4tcbvc-klvto5n\">22500 PAIMPOL<\/strong><br><br>-&nbsp;<strong id=\"e-mo4tcbvc-zygr3tw\">par mail<\/strong>: vigie22@orange.fr<br>-&nbsp;<strong id=\"e-mo4tcbvc-26eo313\">par t\u00e9l\u00e9phone&nbsp;<\/strong>: 06 08 80 19 08<br><br>\n\t\t\t\t\t<\/p>\n\t\t\t\t\t<\/div>\n\t\t\t\t<\/div>\n\t\t\t\t<\/div>\n\t\t","protected":false},"excerpt":{"rendered":"<p>Si vous avez des questions \u00e0 propos de notre g\u00eete et conditions d&#8217;h\u00e9bergement, n&#8217;h\u00e9sitez pas \u00e0 nous contacter&nbsp;: Mr et Mme LE BOUCHER21 rue de GOAS PLAT22500 PAIMPOL &#8211;&nbsp;par mail: vigie22@orange.fr&#8211;&nbsp;par t\u00e9l\u00e9phone&nbsp;: 06 08 80 19 08<\/p>\n","protected":false},"author":1,"featured_media":0,"parent":0,"menu_order":0,"comment_status":"closed","ping_status":"closed","template":"","meta":{"footnotes":""},"class_list":["post-457","page","type-page","status-publish","hentry"],"blocksy_meta":[],"_links":{"self":[{"href":"https:\/\/gite-paimpol.fr\/index.php\/wp-json\/wp\/v2\/pages\/457","targetHints":{"allow":["GET"]}}],"collection":[{"href":"https:\/\/gite-paimpol.fr\/index.php\/wp-json\/wp\/v2\/pages"}],"about":[{"href":"https:\/\/gite-paimpol.fr\/index.php\/wp-json\/wp\/v2\/types\/page"}],"author":[{"embeddable":true,"href":"https:\/\/gite-paimpol.fr\/index.php\/wp-json\/wp\/v2\/users\/1"}],"replies":[{"embeddable":true,"href":"https:\/\/gite-paimpol.fr\/index.php\/wp-json\/wp\/v2\/comments?post=457"}],"version-history":[{"count":10,"href":"https:\/\/gite-paimpol.fr\/index.php\/wp-json\/wp\/v2\/pages\/457\/revisions"}],"predecessor-version":[{"id":467,"href":"https:\/\/gite-paimpol.fr\/index.php\/wp-json\/wp\/v2\/pages\/457\/revisions\/467"}],"wp:attachment":[{"href":"https:\/\/gite-paimpol.fr\/index.php\/wp-json\/wp\/v2\/media?parent=457"}],"curies":[{"name":"wp","href":"https:\/\/api.w.org\/{rel}","templated":true}]}}