{"id":21,"date":"2026-04-15T19:47:44","date_gmt":"2026-04-15T19:47:44","guid":{"rendered":"http:\/\/hflcdzh.cluster121.hosting.ovh.net\/?page_id=21"},"modified":"2026-04-18T20:34:52","modified_gmt":"2026-04-18T20:34:52","slug":"les-activites","status":"publish","type":"page","link":"https:\/\/gite-paimpol.fr\/index.php\/les-activites\/","title":{"rendered":"Les activit\u00e9s"},"content":{"rendered":"\t\t<div data-elementor-type=\"wp-page\" data-elementor-id=\"21\" class=\"elementor elementor-21\">\n\t\t\t\t\t\t<div class=\"elementor-element elementor-element-48c7c55 e-con e-atomic-element e-flexbox-base\" data-id=\"48c7c55\" data-element_type=\"e-flexbox\" data-e-type=\"e-flexbox\" data-interaction-id=\"48c7c55\">\n\t\t\t\t\t\t\t<h3 \n\t\tdata-interaction-id=\"14a9df2\" \n\t\tclass=\"e-14a9df2-2362f66 e-heading-base\" \n\t\t \n\t\t\n\t>\n\t\n\t\t\tA proximit\u00e9 du gite\n\t\t<\/h3>\n\t\t\t\t<\/div>\n\t\t<div class=\"elementor-element elementor-element-74824c8 e-flex e-con-boxed e-con e-parent\" data-id=\"74824c8\" data-element_type=\"container\" data-e-type=\"container\">\n\t\t\t\t\t<div class=\"e-con-inner\">\n\t\t<div class=\"elementor-element elementor-element-ab3df7c e-con-full e-flex e-con e-child\" data-id=\"ab3df7c\" data-element_type=\"container\" data-e-type=\"container\">\n\t\t\t\t\t\t\t\t<p class=\"e-paragraph-base\" data-interaction-id=\"5e73c79\"  >\n\t\t\t\t\t\t\t\tLes amateurs de&nbsp;<strong>randonn\u00e9es<\/strong>&nbsp;pourront profiter de la proximit\u00e9 imm\u00e9diate des sentiers de la for\u00eat maritime de Penhoat Lancerf.<br>La&nbsp;<strong>plage<\/strong>&nbsp;la plus proche (Plage du ledano) est situ\u00e9e \u00e0 4,2 km\n\t\t\t\t\t<\/p>\n\t\t\t\t<\/div>\n\t\t<div class=\"elementor-element elementor-element-5d6ec76 e-con-full e-flex e-con e-child\" data-id=\"5d6ec76\" data-element_type=\"container\" data-e-type=\"container\">\n\t\t\t\t<\/div>\n\t\t\t\t\t<\/div>\n\t\t\t\t<\/div>\n\t\t<div class=\"elementor-element elementor-element-bc02240 e-flex e-con-boxed e-con e-parent\" data-id=\"bc02240\" data-element_type=\"container\" data-e-type=\"container\">\n\t\t\t\t\t<div class=\"e-con-inner\">\n\t\t\t\t\t\t\t<h3 \n\t\tdata-interaction-id=\"d5625d6\" \n\t\tclass=\"e-heading-base\" \n\t\t \n\t\t\n\t>\n\t\n\t\t\tLes visites incontournables\n\t\t<\/h3>\n\t\t\t\t\t<\/div>\n\t\t\t\t<\/div>\n\t\t<div class=\"elementor-element elementor-element-c1c2c81 e-flex e-con-boxed e-con e-parent\" data-id=\"c1c2c81\" data-element_type=\"container\" data-e-type=\"container\">\n\t\t\t\t\t<div class=\"e-con-inner\">\n\t\t<div class=\"elementor-element elementor-element-32213c6 e-con-full e-flex e-con e-child\" data-id=\"32213c6\" data-element_type=\"container\" data-e-type=\"container\">\n\t\t\t\t\t\t\t\t<p class=\"e-7feccc0-face2d5 e-paragraph-base\" data-interaction-id=\"7feccc0\"  >\n\t\t\t\t\t\t\t\t<strong><em>L' Abbaye de Beauport<\/em><\/strong>&nbsp;(Paimpol)\n\t\t\t\t\t<\/p>\n\t\t<div class=\"elementor-element elementor-element-b5215d5 e-con-full e-flex e-con e-child\" data-id=\"b5215d5\" data-element_type=\"container\" data-e-type=\"container\">\n\t\t\t\t\t\t\t\t<p class=\"e-paragraph-base\" data-interaction-id=\"f760286\"  >\n\t\t\t\t\t\t\t\t<strong>&nbsp;Visites, balades, espaces naturels pr\u00e9serv\u00e9s. Venez admirer la beaut\u00e9 de ce site class\u00e9 monument historique.<\/strong>\n\t\t\t\t\t<\/p>\n\t\t\t\t<\/div>\n\t\t\t\t<\/div>\n\t\t<div class=\"elementor-element elementor-element-aa318a9 e-con-full e-flex e-con e-child\" data-id=\"aa318a9\" data-element_type=\"container\" data-e-type=\"container\">\n\t\t\t\t\t\t\t\n\t\t<img class=\"e-image-base \" \n\t\t\t\t\tdata-interaction-id=\"a913af6\" \n\t\t \n\t\t \n\t\t\t\t\t\t\t\t\tid=\"354\"\n\t\t\t\t\t\t\t\t\t\t\t\tsrc=\"https:\/\/gite-paimpol.fr\/wp-content\/uploads\/2026\/04\/1745.jpg\"\n\t\t\t\t\t\t\t\t\t\t\t\twidth=\"600\"\n\t\t\t\t\t\t\t\t\t\t\t\theight=\"360\"\n\t\t\t\t\t\t\t\t\t\t\t\tsrcset=\"https:\/\/gite-paimpol.fr\/wp-content\/uploads\/2026\/04\/1745.jpg 600w, https:\/\/gite-paimpol.fr\/wp-content\/uploads\/2026\/04\/1745-300x180.jpg 300w\"\n\t\t\t\t\t\t\t\t\t\t\t\talt=\"\"\n\t\t\t\t\t\t\/>\n\t\t\t\t\t<\/div>\n\t\t\t\t\t<\/div>\n\t\t\t\t<\/div>\n\t\t<div class=\"elementor-element elementor-element-90a62c6 e-flex e-con-boxed e-con e-parent\" data-id=\"90a62c6\" data-element_type=\"container\" data-e-type=\"container\">\n\t\t\t\t\t<div class=\"e-con-inner\">\n\t\t\t\t\t\t\t\t<p class=\"e-c7c9ae4-0b98ee2 e-paragraph-base\" data-interaction-id=\"c7c9ae4\"  >\n\t\t\t\t\t\t\t\t<strong><em>L' \u00eele de Br\u00e9hat<\/em><\/strong>\n\t\t\t\t\t<\/p>\n\t\t\t\t\t<\/div>\n\t\t\t\t<\/div>\n\t\t<div class=\"elementor-element elementor-element-c5ebac6 e-flex e-con-boxed e-con e-parent\" data-id=\"c5ebac6\" data-element_type=\"container\" data-e-type=\"container\">\n\t\t\t\t\t<div class=\"e-con-inner\">\n\t\t<div class=\"elementor-element elementor-element-594f540 e-con-full e-flex e-con e-child\" data-id=\"594f540\" data-element_type=\"container\" data-e-type=\"container\">\n\t\t\t\t\t\t\t\t<p class=\"e-paragraph-base\" data-interaction-id=\"1c63daf\"  >\n\t\t\t\t\t\t\t\t<strong>Surnomm\u00e9e \u00ab l\u2019\u00eele aux fleurs \u00bb, l\u2019Ile de Br\u00e9hat&nbsp; enchante par le silence qu\u2019on y trouve. &nbsp;<\/strong><br><strong>Pas de voitures : ici, tout se pratique \u00e0 v\u00e9lo ou \u00e0 pied.&nbsp; <\/strong><br><strong>Succ\u00e8s garanti pour une sortie \u00e0 la journ\u00e9e.&nbsp; <\/strong><br><br><strong>A quelques minutes seulement en bateau, ce petit paradis vous promet de belles surprises naturelles et patrimoniales. <\/strong><br><br><strong>Compos\u00e9e de deux parties, il faut avoir de bonnes chaussures si l\u2019on veut les arpenter toutes deux et arriver jusqu\u2019au phare du Paon, fid\u00e8le gardien de la pointe Nord.<\/strong><br><br><strong>L'acc\u00e8s se fait en bateau depuis l'embarcad\u00e8re de la pointe de l'Arcouest.<\/strong>\n\t\t\t\t\t<\/p>\n\t\t\t\t<\/div>\n\t\t<div class=\"elementor-element elementor-element-7afe3eb e-con-full e-flex e-con e-child\" data-id=\"7afe3eb\" data-element_type=\"container\" data-e-type=\"container\">\n\t\t\t\t\t\t\t\n\t\t<img class=\"e-image-base \" \n\t\t\t\t\tdata-interaction-id=\"d4e7315\" \n\t\t \n\t\t \n\t\t\t\t\t\t\t\t\tid=\"364\"\n\t\t\t\t\t\t\t\t\t\t\t\tsrc=\"https:\/\/gite-paimpol.fr\/wp-content\/uploads\/2026\/04\/paimpol-brehat_1_POI_22-1.jpg\"\n\t\t\t\t\t\t\t\t\t\t\t\twidth=\"320\"\n\t\t\t\t\t\t\t\t\t\t\t\theight=\"250\"\n\t\t\t\t\t\t\t\t\t\t\t\tsrcset=\"https:\/\/gite-paimpol.fr\/wp-content\/uploads\/2026\/04\/paimpol-brehat_1_POI_22-1.jpg 320w, https:\/\/gite-paimpol.fr\/wp-content\/uploads\/2026\/04\/paimpol-brehat_1_POI_22-1-300x234.jpg 300w\"\n\t\t\t\t\t\t\t\t\t\t\t\talt=\"\"\n\t\t\t\t\t\t\/>\n\t\t\t\t\t<\/div>\n\t\t\t\t\t<\/div>\n\t\t\t\t<\/div>\n\t\t<div class=\"elementor-element elementor-element-06a9465 e-flex e-con-boxed e-con e-parent\" data-id=\"06a9465\" data-element_type=\"container\" data-e-type=\"container\">\n\t\t\t\t\t<div class=\"e-con-inner\">\n\t\t\t\t\t\t\t\t\t<div data-id=\"d7676cb\" data-interaction-id=\"d7676cb\" data-e-type=\"e-youtube\"  class=\"e-youtube-base\"  data-settings=\"&#x7B;&quot;source&quot;&#x3A;&quot;https&#x3A;&#x5C;&#x2F;&#x5C;&#x2F;www.youtube.com&#x5C;&#x2F;watch&#x3F;v&#x3D;BSDYoiTwzPQ&quot;,&quot;autoplay&quot;&#x3A;false,&quot;mute&quot;&#x3A;false,&quot;controls&quot;&#x3A;true,&quot;cc_load_policy&quot;&#x3A;false,&quot;loop&quot;&#x3A;false,&quot;rel&quot;&#x3A;true,&quot;start&quot;&#x3A;null,&quot;end&quot;&#x3A;null,&quot;privacy&quot;&#x3A;false,&quot;lazyload&quot;&#x3A;false&#x7D;\"><\/div>\n\t\t\t\t\t<\/div>\n\t\t\t\t<\/div>\n\t\t<div class=\"elementor-element elementor-element-4880c34 e-flex e-con-boxed e-con e-parent\" data-id=\"4880c34\" data-element_type=\"container\" data-e-type=\"container\">\n\t\t\t\t\t<div class=\"e-con-inner\">\n\t\t<div class=\"elementor-element elementor-element-e533315 e-con-full e-flex e-con e-child\" data-id=\"e533315\" data-element_type=\"container\" data-e-type=\"container\">\n\t\t\t\t\t\t\t\t<p class=\"e-e5029d3-339761c e-paragraph-base\" data-interaction-id=\"e5029d3\"  >\n\t\t\t\t\t\t\t\tPaimpol\n\t\t\t\t\t<\/p>\n\t\t\t\t<\/div>\n\t\t<div class=\"elementor-element elementor-element-b5a899f e-con-full e-flex e-con e-child\" data-id=\"b5a899f\" data-element_type=\"container\" data-e-type=\"container\">\n\t\t\t\t<div class=\"elementor-element elementor-element-059104b elementor-widget elementor-widget-button\" data-id=\"059104b\" data-element_type=\"widget\" data-e-type=\"widget\" data-widget_type=\"button.default\">\n\t\t\t\t\t\t\t\t\t\t<a class=\"elementor-button elementor-button-link elementor-size-sm\" href=\"https:\/\/www.ville-paimpol.fr\/\">\n\t\t\t\t\t\t<span class=\"elementor-button-content-wrapper\">\n\t\t\t\t\t\t\t\t\t<span class=\"elementor-button-text\">SITE DE LA VILLE<\/span>\n\t\t\t\t\t<\/span>\n\t\t\t\t\t<\/a>\n\t\t\t\t\t\t\t\t<\/div>\n\t\t\t\t<\/div>\n\t\t\t\t\t<\/div>\n\t\t\t\t<\/div>\n\t\t<div class=\"elementor-element elementor-element-f0dfefe e-flex e-con-boxed e-con e-parent\" data-id=\"f0dfefe\" data-element_type=\"container\" data-e-type=\"container\">\n\t\t\t\t\t<div class=\"e-con-inner\">\n\t\t<div class=\"elementor-element elementor-element-b8560d8 e-con-full e-flex e-con e-child\" data-id=\"b8560d8\" data-element_type=\"container\" data-e-type=\"container\">\n\t\t\t\t\t\t\t\t<p class=\"e-paragraph-base\" data-interaction-id=\"acec844\"  >\n\t\t\t\t\t\t\t\t<strong>Paimpol, une ville connue pour la p\u00eache \u00e0 la morue \u00e0 Terre-Neuve et en Islande qui a marqu\u00e9 l\u2019histoire du lieu. Une page depuis longtemps tourn\u00e9e\u2026 <\/strong><br><br><strong>Aujourd\u2019hui, l\u2019ostr\u00e9iculture et le tourisme sont les principales activit\u00e9s de Paimpol. Allez faire un tour sur les quais ! Le port est devenu une jolie marina aux restaurants anim\u00e9s o\u00f9 vous aimerez vous promener. <\/strong><br><br><strong>Un point de d\u00e9part agr\u00e9able d\u2019o\u00f9 vous pourrez partir \u00e0 la d\u00e9couverte de la vieille ville et de ses maisons d\u2019armateurs.<\/strong><br><strong>C\u2019est assur\u00e9ment le mardi matin que la ville est la plus agr\u00e9able \u00e0 d\u00e9couvrir. <\/strong><br><strong>Quand le march\u00e9 redonne \u00e0 Paimpol son animation d\u2019antan. Allez fl\u00e2ner place du Martray puis arpentez le quartier latin. Ruelles, placettes, demeures d\u2019armateurs et jolies maisons \u00e0 colombages des 15e et 16e si\u00e8cles t\u00e9moignent de la prosp\u00e9rit\u00e9 pass\u00e9e de la r\u00e9gion.<\/strong>\n\t\t\t\t\t<\/p>\n\t\t\t\t<\/div>\n\t\t<div class=\"elementor-element elementor-element-1b9aff9 e-con-full e-flex e-con e-child\" data-id=\"1b9aff9\" data-element_type=\"container\" data-e-type=\"container\">\n\t\t\t\t\t\t\t\n\t\t<img class=\"e-image-base \" \n\t\t\t\t\tdata-interaction-id=\"a62da46\" \n\t\t \n\t\t \n\t\t\t\t\t\t\t\t\tid=\"372\"\n\t\t\t\t\t\t\t\t\t\t\t\tsrc=\"https:\/\/gite-paimpol.fr\/wp-content\/uploads\/2026\/04\/Paimpol_1-1.jpg\"\n\t\t\t\t\t\t\t\t\t\t\t\twidth=\"1020\"\n\t\t\t\t\t\t\t\t\t\t\t\theight=\"365\"\n\t\t\t\t\t\t\t\t\t\t\t\tsrcset=\"https:\/\/gite-paimpol.fr\/wp-content\/uploads\/2026\/04\/Paimpol_1-1.jpg 1020w, https:\/\/gite-paimpol.fr\/wp-content\/uploads\/2026\/04\/Paimpol_1-1-300x107.jpg 300w, https:\/\/gite-paimpol.fr\/wp-content\/uploads\/2026\/04\/Paimpol_1-1-768x275.jpg 768w\"\n\t\t\t\t\t\t\t\t\t\t\t\talt=\"\"\n\t\t\t\t\t\t\/>\n\t\t\t\t\t<\/div>\n\t\t\t\t\t<\/div>\n\t\t\t\t<\/div>\n\t\t<div class=\"elementor-element elementor-element-7d5ee99 e-flex e-con-boxed e-con e-parent\" data-id=\"7d5ee99\" data-element_type=\"container\" data-e-type=\"container\">\n\t\t\t\t\t<div class=\"e-con-inner\">\n\t\t<div class=\"elementor-element elementor-element-74407be e-con-full e-flex e-con e-child\" data-id=\"74407be\" data-element_type=\"container\" data-e-type=\"container\">\n\t\t\t\t<div class=\"elementor-element elementor-element-8d2d4ec elementor-align-center elementor-widget elementor-widget-button\" data-id=\"8d2d4ec\" data-element_type=\"widget\" data-e-type=\"widget\" data-widget_type=\"button.default\">\n\t\t\t\t\t\t\t\t\t\t<a class=\"elementor-button elementor-button-link elementor-size-sm\" href=\"https:\/\/www.tourismebretagne.com\/\">\n\t\t\t\t\t\t<span class=\"elementor-button-content-wrapper\">\n\t\t\t\t\t\t\t\t\t<span class=\"elementor-button-text\">Tourisme Bretagne<\/span>\n\t\t\t\t\t<\/span>\n\t\t\t\t\t<\/a>\n\t\t\t\t\t\t\t\t<\/div>\n\t\t\t\t<\/div>\n\t\t<div class=\"elementor-element elementor-element-3c68b13 e-con-full e-flex e-con e-child\" data-id=\"3c68b13\" data-element_type=\"container\" data-e-type=\"container\">\n\t\t\t\t\t\t\t\t<p class=\"e-paragraph-base\" data-interaction-id=\"41c39bb\"  >\n\t\t\t\t\t\t\t\t<strong><em>Paimpol, une ville anim\u00e9e \u00e0 la saison touristique.<\/em>Le festival des chants de marins a lieu tous les 2 ans <\/strong>&nbsp;(ann\u00e9es impaires). <br>&nbsp;Le Festival de Paimpol est, avant toute chose, LE rassemblement international du chant de marin et de la chanson chaloup\u00e9e. Et surtout, le Festival du Chant de Marin n\u2019est pas un \u00e9v\u00e9nement plus ou moins artificiel plaqu\u00e9 sur la ville. <br>Il est profond\u00e9ment ancr\u00e9 dans l\u2019identit\u00e9, la tradition, l\u2019histoire paimpolaise.<br><strong>Cet \u00e9v\u00e8nement m\u00eale groupes de musique, rassemblement de bateaux anciens traditionnels, diverses animations autour du port, march\u00e9 d\u2019artisans ...<\/strong><br><strong>Cet \u00e9v\u00e9nement se veut festif m\u00ealant traditionnel et ouverture au rayonnement culturel.&nbsp;La prochaine \u00e9dition aura lieu en 2027.<\/strong>\n\t\t\t\t\t<\/p>\n\t\t\t\t<\/div>\n\t\t\t\t\t<\/div>\n\t\t\t\t<\/div>\n\t\t<div class=\"elementor-element elementor-element-27c0170 e-flex e-con-boxed e-con e-parent\" data-id=\"27c0170\" data-element_type=\"container\" data-e-type=\"container\">\n\t\t\t\t\t<div class=\"e-con-inner\">\n\t\t<div class=\"elementor-element elementor-element-04b084f e-con-full e-flex e-con e-child\" data-id=\"04b084f\" data-element_type=\"container\" data-e-type=\"container\">\n\t\t\t\t\t\t\t<h3 \n\t\tdata-interaction-id=\"6a19c46\" \n\t\tclass=\"e-heading-base\" \n\t\t \n\t\t\n\t>\n\t\n\t\t\tLa classic channel Regata\n\t\t<\/h3>\n\t\t\t\t<\/div>\n\t\t<div class=\"elementor-element elementor-element-6133d46 e-con-full e-flex e-con e-child\" data-id=\"6133d46\" data-element_type=\"container\" data-e-type=\"container\">\n\t\t\t\t\t    \t            <button class=\"e-6a0f18a-d42b2e2 e-button-base\" data-interaction-id=\"6a0f18a\"  >\n            visiter le site\n        <\/button>\n    \t\t\t\t<\/div>\n\t\t\t\t\t<\/div>\n\t\t\t\t<\/div>\n\t\t<div class=\"elementor-element elementor-element-d92c81f e-flex e-con-boxed e-con e-parent\" data-id=\"d92c81f\" data-element_type=\"container\" data-e-type=\"container\">\n\t\t\t\t\t<div class=\"e-con-inner\">\n\t\t<div class=\"elementor-element elementor-element-cc87d29 e-con-full e-flex e-con e-child\" data-id=\"cc87d29\" data-element_type=\"container\" data-e-type=\"container\">\n\t\t\t\t\t\t\t\t<p class=\"e-paragraph-base\" data-interaction-id=\"fb25770\"  >\n\t\t\t\t\t\t\t\t<strong>Un \u00e9v\u00e9nement international unique se d\u00e9roulant sur une semaine avec ses propres courses sp\u00e9cifiques et vari\u00e9es : la travers\u00e9e de la Manche en course et des r\u00e9gates autour de l\u2019\u00eele de Br\u00e9hat en Bretagne \u2013 le tout dans une ambiance anim\u00e9e et informelle d\u2019un programme \u00e0 terre qui r\u00e9unit un magnifique rassemblement de bateaux et d\u2019\u00e9quipages.<\/strong>\n\t\t\t\t\t<\/p>\n\t\t\t\t<\/div>\n\t\t<div class=\"elementor-element elementor-element-28d7b66 e-con-full e-flex e-con e-child\" data-id=\"28d7b66\" data-element_type=\"container\" data-e-type=\"container\">\n\t\t\t\t\t\t\t\n\t\t<img class=\"e-image-base \" \n\t\t\t\t\tdata-interaction-id=\"2c728bc\" \n\t\t \n\t\t \n\t\t\t\t\t\t\t\t\tid=\"412\"\n\t\t\t\t\t\t\t\t\t\t\t\tsrc=\"https:\/\/gite-paimpol.fr\/wp-content\/uploads\/2026\/04\/classic.jpg\"\n\t\t\t\t\t\t\t\t\t\t\t\twidth=\"960\"\n\t\t\t\t\t\t\t\t\t\t\t\theight=\"640\"\n\t\t\t\t\t\t\t\t\t\t\t\tsrcset=\"https:\/\/gite-paimpol.fr\/wp-content\/uploads\/2026\/04\/classic.jpg 960w, https:\/\/gite-paimpol.fr\/wp-content\/uploads\/2026\/04\/classic-300x200.jpg 300w, https:\/\/gite-paimpol.fr\/wp-content\/uploads\/2026\/04\/classic-768x512.jpg 768w\"\n\t\t\t\t\t\t\t\t\t\t\t\talt=\"\"\n\t\t\t\t\t\t\/>\n\t\t\t\t\t<\/div>\n\t\t\t\t\t<\/div>\n\t\t\t\t<\/div>\n\t\t<div class=\"elementor-element elementor-element-e578a95 e-flex e-con-boxed e-con e-parent\" data-id=\"e578a95\" data-element_type=\"container\" data-e-type=\"container\">\n\t\t\t\t\t<div class=\"e-con-inner\">\n\t\t\t\t\t\t\t<h3 \n\t\tdata-interaction-id=\"a83f81d\" \n\t\tclass=\"e-heading-base\" \n\t\t \n\t\t\n\t>\n\t\n\t\t\t<strong><em>Perros Guirec\/Ploumanach<\/em><\/strong>\n\t\t<\/h3>\n\t\t\t\t\t<\/div>\n\t\t\t\t<\/div>\n\t\t<div class=\"elementor-element elementor-element-6c93dcb e-flex e-con-boxed e-con e-parent\" data-id=\"6c93dcb\" data-element_type=\"container\" data-e-type=\"container\">\n\t\t\t\t\t<div class=\"e-con-inner\">\n\t\t<div class=\"elementor-element elementor-element-46fa468 e-con-full e-flex e-con e-child\" data-id=\"46fa468\" data-element_type=\"container\" data-e-type=\"container\">\n\t\t\t\t\t\t\t\t<p class=\"e-paragraph-base\" data-interaction-id=\"3605f88\"  >\n\t\t\t\t\t\t\t\t<strong>Avec son littoral de 13 km et trois plages de sable fin, Perros est un paradis pour les familles et les amateurs de sport d\u2019eau. L\u2019un de ses quartiers, Ploumanac\u2019h, ancien hameau de p\u00eacheurs devenu haut lieu touristique, offre au visiteur une vue presque irr\u00e9elle avec ses rochers roses, imposants amas de pierre sculpt\u00e9s par la mer et le vent. Un site naturel d\u2019une exceptionnelle beaut\u00e9<\/strong>\n\t\t\t\t\t<\/p>\n\t\t\t\t<\/div>\n\t\t<div class=\"elementor-element elementor-element-af0aec3 e-con-full e-flex e-con e-child\" data-id=\"af0aec3\" data-element_type=\"container\" data-e-type=\"container\">\n\t\t\t\t\t\t\t\n\t\t<img class=\"e-image-base \" \n\t\t\t\t\tdata-interaction-id=\"cd173fc\" \n\t\t \n\t\t \n\t\t\t\t\t\t\t\t\tid=\"419\"\n\t\t\t\t\t\t\t\t\t\t\t\tsrc=\"https:\/\/gite-paimpol.fr\/wp-content\/uploads\/2026\/04\/NX-44545.jpg\"\n\t\t\t\t\t\t\t\t\t\t\t\twidth=\"1000\"\n\t\t\t\t\t\t\t\t\t\t\t\theight=\"666\"\n\t\t\t\t\t\t\t\t\t\t\t\tsrcset=\"https:\/\/gite-paimpol.fr\/wp-content\/uploads\/2026\/04\/NX-44545.jpg 1000w, https:\/\/gite-paimpol.fr\/wp-content\/uploads\/2026\/04\/NX-44545-300x200.jpg 300w, https:\/\/gite-paimpol.fr\/wp-content\/uploads\/2026\/04\/NX-44545-768x511.jpg 768w\"\n\t\t\t\t\t\t\t\t\t\t\t\talt=\"\"\n\t\t\t\t\t\t\/>\n\t\t\t\t\t<\/div>\n\t\t\t\t\t<\/div>\n\t\t\t\t<\/div>\n\t\t<div class=\"elementor-element elementor-element-c1d0a3c e-flex e-con-boxed e-con e-parent\" data-id=\"c1d0a3c\" data-element_type=\"container\" data-e-type=\"container\">\n\t\t\t\t\t<div class=\"e-con-inner\">\n\t\t\t\t\t\n<hr class=\"e-fa04687-e8bfdff e-divider-base\" data-interaction-id=\"fa04687\"   \/>\n\t\t\t\t\t<\/div>\n\t\t\t\t<\/div>\n\t\t<div class=\"elementor-element elementor-element-f8c5389 e-flex e-con-boxed e-con e-parent\" data-id=\"f8c5389\" data-element_type=\"container\" data-e-type=\"container\">\n\t\t\t\t\t<div class=\"e-con-inner\">\n\t\t\t\t\t\t\t<h3 \n\t\tdata-interaction-id=\"2931053\" \n\t\tclass=\"e-heading-base\" \n\t\t \n\t\t\n\t>\n\t\n\t\t\t<strong><em>Informations pratiques<\/em><\/strong>\n\t\t<\/h3>\n\t\t\t\t\t<\/div>\n\t\t\t\t<\/div>\n\t\t<div class=\"elementor-element elementor-element-de95114 e-flex e-con-boxed e-con e-parent\" data-id=\"de95114\" data-element_type=\"container\" data-e-type=\"container\">\n\t\t\t\t\t<div class=\"e-con-inner\">\n\t\t\t\t\t\t\t\t<p class=\"e-paragraph-base\" data-interaction-id=\"fec17b6\"  >\n\t\t\t\t\t\t\t\t<strong>Avec \"Le passeur du trieux\", profitez de belles balades en mer.&nbsp;<\/strong>\n\t\t\t\t\t<\/p>\n\t\t\t\t\t<\/div>\n\t\t\t\t<\/div>\n\t\t<div class=\"elementor-element elementor-element-96d90b3 e-flex e-con-boxed e-con e-parent\" data-id=\"96d90b3\" data-element_type=\"container\" data-e-type=\"container\">\n\t\t\t\t\t<div class=\"e-con-inner\">\n\t\t<div class=\"elementor-element elementor-element-bd8de7d e-con-full e-flex e-con e-child\" data-id=\"bd8de7d\" data-element_type=\"container\" data-e-type=\"container\">\n\t\t\t\t\t\t\t\t<p class=\"e-paragraph-base\" data-interaction-id=\"41dd55d\"  >\n\t\t\t\t\t\t\t\tAu d\u00e9part de L\u00e9zardrieux et de Pontrieux, embarquez \u00e0 notre bord pour d\u00e9couvrir la rivi\u00e8re du Trieux et son estuaire, zone de navigation class\u00e9e Natura 2000. Vue \u00e9tonnante du pont de L\u00e9zardrieux, passage de l'\u00e9cluse de Pontrieux et l'escale au pied du ch\u00e2teau de La Roche jagu. En estuaire, la route des phares et Loguivy de la Mer.\n\t\t\t\t\t<\/p>\n\t\t\t\t<\/div>\n\t\t<div class=\"elementor-element elementor-element-a661f6f e-con-full e-flex e-con e-child\" data-id=\"a661f6f\" data-element_type=\"container\" data-e-type=\"container\">\n\t\t\t\t\t    \t            <a\n            \t\t\thref=\"https:\/\/www.lepasseurdutrieux.com\/\"\n        target=\"_self\"\n            class=\"e-c00771e-44de61f e-button-base\"\n            data-interaction-id=\"c00771e\"\n             \n        >\n            Le passeur du Trieux\n        <\/a>\n    \t\t\t\t<\/div>\n\t\t\t\t\t<\/div>\n\t\t\t\t<\/div>\n\t\t\t\t<\/div>\n\t\t","protected":false},"excerpt":{"rendered":"<p>A proximit\u00e9 du gite Les amateurs de&nbsp;randonn\u00e9es&nbsp;pourront profiter de la proximit\u00e9 imm\u00e9diate des sentiers de la for\u00eat maritime de Penhoat Lancerf.La&nbsp;plage&nbsp;la plus proche (Plage du ledano) est situ\u00e9e \u00e0 4,2 km Les visites incontournables L&#8217; Abbaye de Beauport&nbsp;(Paimpol) &nbsp;Visites, balades, espaces naturels pr\u00e9serv\u00e9s. Venez admirer la beaut\u00e9 de ce site class\u00e9 monument historique. L&#8217; \u00eele [&hellip;]<\/p>\n","protected":false},"author":1,"featured_media":0,"parent":0,"menu_order":0,"comment_status":"closed","ping_status":"closed","template":"","meta":{"footnotes":""},"class_list":["post-21","page","type-page","status-publish","hentry"],"blocksy_meta":[],"_links":{"self":[{"href":"https:\/\/gite-paimpol.fr\/index.php\/wp-json\/wp\/v2\/pages\/21","targetHints":{"allow":["GET"]}}],"collection":[{"href":"https:\/\/gite-paimpol.fr\/index.php\/wp-json\/wp\/v2\/pages"}],"about":[{"href":"https:\/\/gite-paimpol.fr\/index.php\/wp-json\/wp\/v2\/types\/page"}],"author":[{"embeddable":true,"href":"https:\/\/gite-paimpol.fr\/index.php\/wp-json\/wp\/v2\/users\/1"}],"replies":[{"embeddable":true,"href":"https:\/\/gite-paimpol.fr\/index.php\/wp-json\/wp\/v2\/comments?post=21"}],"version-history":[{"count":85,"href":"https:\/\/gite-paimpol.fr\/index.php\/wp-json\/wp\/v2\/pages\/21\/revisions"}],"predecessor-version":[{"id":434,"href":"https:\/\/gite-paimpol.fr\/index.php\/wp-json\/wp\/v2\/pages\/21\/revisions\/434"}],"wp:attachment":[{"href":"https:\/\/gite-paimpol.fr\/index.php\/wp-json\/wp\/v2\/media?parent=21"}],"curies":[{"name":"wp","href":"https:\/\/api.w.org\/{rel}","templated":true}]}}