{"id":17,"date":"2026-04-15T19:46:49","date_gmt":"2026-04-15T19:46:49","guid":{"rendered":"http:\/\/hflcdzh.cluster121.hosting.ovh.net\/?page_id=17"},"modified":"2026-04-18T19:57:17","modified_gmt":"2026-04-18T19:57:17","slug":"photos-de-linterieur","status":"publish","type":"page","link":"https:\/\/gite-paimpol.fr\/index.php\/photos-de-linterieur\/","title":{"rendered":"Photos de l&#8217;int\u00e9rieur"},"content":{"rendered":"\t\t<div data-elementor-type=\"wp-page\" data-elementor-id=\"17\" class=\"elementor elementor-17\">\n\t\t\t\t\t\t<div class=\"elementor-element elementor-element-751200f e-con e-atomic-element e-flexbox-base\" data-id=\"751200f\" data-element_type=\"e-flexbox\" data-e-type=\"e-flexbox\" data-interaction-id=\"751200f\">\n\t\t\t\t\t\t\t\t<p class=\"e-paragraph-base\" data-interaction-id=\"7c31bf3\"  >\n\t\t\t\t\t\t\t\tVoici quelques photos de l'int\u00e9rieur de la maison \u00e0 la d\u00e9coration typique d'une maison bretonne\n\t\t\t\t\t<\/p>\n\t\t\t\t<\/div>\n\t\t<div class=\"elementor-element elementor-element-287e6a8 e-flex e-con-boxed e-con e-parent\" data-id=\"287e6a8\" data-element_type=\"container\" data-e-type=\"container\">\n\t\t\t\t\t<div class=\"e-con-inner\">\n\t\t\t\t\t\t\t<h3 \n\t\tdata-interaction-id=\"fefb6c4\" \n\t\tclass=\"e-heading-base\" \n\t\t \n\t\t\n\t>\n\t\n\t\t\tLa cuisine\n\t\t<\/h3>\n\t\t\t\t\t<\/div>\n\t\t\t\t<\/div>\n\t\t<div class=\"elementor-element elementor-element-24eadac e-flex e-con-boxed e-con e-parent\" data-id=\"24eadac\" data-element_type=\"container\" data-e-type=\"container\">\n\t\t\t\t\t<div class=\"e-con-inner\">\n\t\t<div class=\"elementor-element elementor-element-373b8f5 e-con-full e-flex e-con e-child\" data-id=\"373b8f5\" data-element_type=\"container\" data-e-type=\"container\">\n\t\t\t\t\t\t\t\n\t\t<img class=\"e-image-base \" \n\t\t\t\t\tdata-interaction-id=\"9dedc08\" \n\t\t \n\t\t \n\t\t\t\t\t\t\t\t\tid=\"293\"\n\t\t\t\t\t\t\t\t\t\t\t\tsrc=\"https:\/\/gite-paimpol.fr\/wp-content\/uploads\/2026\/04\/cuisinne.jpg\"\n\t\t\t\t\t\t\t\t\t\t\t\twidth=\"283\"\n\t\t\t\t\t\t\t\t\t\t\t\theight=\"213\"\n\t\t\t\t\t\t\t\t\t\t\t\tsrcset=\"\"\n\t\t\t\t\t\t\t\t\t\t\t\talt=\"\"\n\t\t\t\t\t\t\/>\n\t\t\t\t\t<\/div>\n\t\t<div class=\"elementor-element elementor-element-de36198 e-con-full e-flex e-con e-child\" data-id=\"de36198\" data-element_type=\"container\" data-e-type=\"container\">\n\t\t\t\t\t\t\t\t<p class=\"e-paragraph-base\" data-interaction-id=\"137105f\"  >\n\t\t\t\t\t\t\t\tLes<strong>&nbsp;\u00e9quipements<\/strong>&nbsp;de la cuisine:<br>-4 plaques \u00e9lectriques<br>-lave vaisselle<br>-hotte<br>-cafeti\u00e8re<br>-four combin\u00e9 <br>-micro-ondes<br>-r\u00e9frig\u00e9rateur\/cong\u00e9lateur\n\t\t\t\t\t<\/p>\n\t\t\t\t<\/div>\n\t\t\t\t\t<\/div>\n\t\t\t\t<\/div>\n\t\t<div class=\"elementor-element elementor-element-5770bb9 e-flex e-con-boxed e-con e-parent\" data-id=\"5770bb9\" data-element_type=\"container\" data-e-type=\"container\">\n\t\t\t\t\t<div class=\"e-con-inner\">\n\t\t\t\t\t\t\t<h3 \n\t\tdata-interaction-id=\"dcafbe1\" \n\t\tclass=\"e-heading-base\" \n\t\t \n\t\t\n\t>\n\t\n\t\t\tLe s\u00e9jour\n\t\t<\/h3>\n\t\t\t\t\t<\/div>\n\t\t\t\t<\/div>\n\t\t<div class=\"elementor-element elementor-element-a9375a7 e-flex e-con-boxed e-con e-parent\" data-id=\"a9375a7\" data-element_type=\"container\" data-e-type=\"container\">\n\t\t\t\t\t<div class=\"e-con-inner\">\n\t\t<div class=\"elementor-element elementor-element-8704238 e-con-full e-flex e-con e-child\" data-id=\"8704238\" data-element_type=\"container\" data-e-type=\"container\">\n\t\t\t\t\t\t\t\n\t\t<img class=\"e-image-base \" \n\t\t\t\t\tdata-interaction-id=\"17b81e5\" \n\t\t \n\t\t \n\t\t\t\t\t\t\t\t\tid=\"289\"\n\t\t\t\t\t\t\t\t\t\t\t\tsrc=\"https:\/\/gite-paimpol.fr\/wp-content\/uploads\/2026\/04\/salon-9-1.jpg\"\n\t\t\t\t\t\t\t\t\t\t\t\twidth=\"1000\"\n\t\t\t\t\t\t\t\t\t\t\t\theight=\"750\"\n\t\t\t\t\t\t\t\t\t\t\t\tsrcset=\"https:\/\/gite-paimpol.fr\/wp-content\/uploads\/2026\/04\/salon-9-1.jpg 1000w, https:\/\/gite-paimpol.fr\/wp-content\/uploads\/2026\/04\/salon-9-1-300x225.jpg 300w, https:\/\/gite-paimpol.fr\/wp-content\/uploads\/2026\/04\/salon-9-1-768x576.jpg 768w\"\n\t\t\t\t\t\t\t\t\t\t\t\talt=\"\"\n\t\t\t\t\t\t\/>\n\t\t\t\t\t<\/div>\n\t\t<div class=\"elementor-element elementor-element-395fa6c e-con-full e-flex e-con e-child\" data-id=\"395fa6c\" data-element_type=\"container\" data-e-type=\"container\">\n\t\t\t\t\t\t\t\n\t\t<img class=\"e-image-base \" \n\t\t\t\t\tdata-interaction-id=\"7eb2a7b\" \n\t\t \n\t\t \n\t\t\t\t\t\t\t\t\tid=\"287\"\n\t\t\t\t\t\t\t\t\t\t\t\tsrc=\"https:\/\/gite-paimpol.fr\/wp-content\/uploads\/2026\/04\/salon-7-1.jpg\"\n\t\t\t\t\t\t\t\t\t\t\t\twidth=\"1000\"\n\t\t\t\t\t\t\t\t\t\t\t\theight=\"750\"\n\t\t\t\t\t\t\t\t\t\t\t\tsrcset=\"https:\/\/gite-paimpol.fr\/wp-content\/uploads\/2026\/04\/salon-7-1.jpg 1000w, https:\/\/gite-paimpol.fr\/wp-content\/uploads\/2026\/04\/salon-7-1-300x225.jpg 300w, https:\/\/gite-paimpol.fr\/wp-content\/uploads\/2026\/04\/salon-7-1-768x576.jpg 768w\"\n\t\t\t\t\t\t\t\t\t\t\t\talt=\"\"\n\t\t\t\t\t\t\/>\n\t\t\t\t\t<\/div>\n\t\t<div class=\"elementor-element elementor-element-0f627e4 e-con-full e-flex e-con e-child\" data-id=\"0f627e4\" data-element_type=\"container\" data-e-type=\"container\">\n\t\t\t\t\t\t\t\n\t\t<img class=\"e-image-base \" \n\t\t\t\t\tdata-interaction-id=\"2f70855\" \n\t\t \n\t\t \n\t\t\t\t\t\t\t\t\tid=\"282\"\n\t\t\t\t\t\t\t\t\t\t\t\tsrc=\"https:\/\/gite-paimpol.fr\/wp-content\/uploads\/2026\/04\/salon-2-1.jpg\"\n\t\t\t\t\t\t\t\t\t\t\t\twidth=\"1000\"\n\t\t\t\t\t\t\t\t\t\t\t\theight=\"750\"\n\t\t\t\t\t\t\t\t\t\t\t\tsrcset=\"https:\/\/gite-paimpol.fr\/wp-content\/uploads\/2026\/04\/salon-2-1.jpg 1000w, https:\/\/gite-paimpol.fr\/wp-content\/uploads\/2026\/04\/salon-2-1-300x225.jpg 300w, https:\/\/gite-paimpol.fr\/wp-content\/uploads\/2026\/04\/salon-2-1-768x576.jpg 768w\"\n\t\t\t\t\t\t\t\t\t\t\t\talt=\"\"\n\t\t\t\t\t\t\/>\n\t\t\t\t\t<\/div>\n\t\t<div class=\"elementor-element elementor-element-f58df1b e-con-full e-flex e-con e-child\" data-id=\"f58df1b\" data-element_type=\"container\" data-e-type=\"container\">\n\t\t\t\t\t\t\t\n\t\t<img class=\"e-image-base \" \n\t\t\t\t\tdata-interaction-id=\"1b45fcd\" \n\t\t \n\t\t \n\t\t\t\t\t\t\t\t\tid=\"283\"\n\t\t\t\t\t\t\t\t\t\t\t\tsrc=\"https:\/\/gite-paimpol.fr\/wp-content\/uploads\/2026\/04\/salon-3-1.jpg\"\n\t\t\t\t\t\t\t\t\t\t\t\twidth=\"1000\"\n\t\t\t\t\t\t\t\t\t\t\t\theight=\"750\"\n\t\t\t\t\t\t\t\t\t\t\t\tsrcset=\"https:\/\/gite-paimpol.fr\/wp-content\/uploads\/2026\/04\/salon-3-1.jpg 1000w, https:\/\/gite-paimpol.fr\/wp-content\/uploads\/2026\/04\/salon-3-1-300x225.jpg 300w, https:\/\/gite-paimpol.fr\/wp-content\/uploads\/2026\/04\/salon-3-1-768x576.jpg 768w\"\n\t\t\t\t\t\t\t\t\t\t\t\talt=\"\"\n\t\t\t\t\t\t\/>\n\t\t\t\t\t<\/div>\n\t\t\t\t\t<\/div>\n\t\t\t\t<\/div>\n\t\t<div class=\"elementor-element elementor-element-08268fe e-flex e-con-boxed e-con e-parent\" data-id=\"08268fe\" data-element_type=\"container\" data-e-type=\"container\">\n\t\t\t\t\t<div class=\"e-con-inner\">\n\t\t\t\t\t\t\t<h3 \n\t\tdata-interaction-id=\"ef87743\" \n\t\tclass=\"e-heading-base\" \n\t\t \n\t\t\n\t>\n\t\n\t\t\tLa chambre\n\t\t<\/h3>\n\t\t\t\t\t\t\t\t<p class=\"e-paragraph-base\" data-interaction-id=\"60d6a90\"  >\n\t\t\t\t\t\t\t\tL'\u00e9tage de la maison est compos\u00e9&nbsp;<strong>d'une grande chambre mezzanine.<\/strong>\n\t\t\t\t\t<\/p>\n\t\t\t\t\t<\/div>\n\t\t\t\t<\/div>\n\t\t<div class=\"elementor-element elementor-element-955f4ef e-flex e-con-boxed e-con e-parent\" data-id=\"955f4ef\" data-element_type=\"container\" data-e-type=\"container\">\n\t\t\t\t\t<div class=\"e-con-inner\">\n\t\t<div class=\"elementor-element elementor-element-78e04be e-con-full e-flex e-con e-child\" data-id=\"78e04be\" data-element_type=\"container\" data-e-type=\"container\">\n\t\t\t\t\t\t\t\t<p class=\"e-6e2346c-6fd9d4e e-paragraph-base\" data-interaction-id=\"6e2346c\"  >\n\t\t\t\t\t\t\t\tUn&nbsp;<strong>grand lit de 160 cm<\/strong>&nbsp;avec un sommier \u00e0 lattes, un matelas mousse et une couette\n\t\t\t\t\t<\/p>\n\t\t\t\t<\/div>\n\t\t<div class=\"elementor-element elementor-element-d0e5544 e-con-full e-flex e-con e-child\" data-id=\"d0e5544\" data-element_type=\"container\" data-e-type=\"container\">\n\t\t\t\t\t\t\t\n\t\t<img class=\"e-image-base \" \n\t\t\t\t\tdata-interaction-id=\"686ae14\" \n\t\t \n\t\t \n\t\t\t\t\t\t\t\t\tid=\"300\"\n\t\t\t\t\t\t\t\t\t\t\t\tsrc=\"https:\/\/gite-paimpol.fr\/wp-content\/uploads\/2026\/04\/CHMBRE-1-1.jpg\"\n\t\t\t\t\t\t\t\t\t\t\t\twidth=\"1000\"\n\t\t\t\t\t\t\t\t\t\t\t\theight=\"750\"\n\t\t\t\t\t\t\t\t\t\t\t\tsrcset=\"https:\/\/gite-paimpol.fr\/wp-content\/uploads\/2026\/04\/CHMBRE-1-1.jpg 1000w, https:\/\/gite-paimpol.fr\/wp-content\/uploads\/2026\/04\/CHMBRE-1-1-300x225.jpg 300w, https:\/\/gite-paimpol.fr\/wp-content\/uploads\/2026\/04\/CHMBRE-1-1-768x576.jpg 768w\"\n\t\t\t\t\t\t\t\t\t\t\t\talt=\"\"\n\t\t\t\t\t\t\/>\n\t\t\t\t\t<\/div>\n\t\t<div class=\"elementor-element elementor-element-d0473d1 e-con-full e-flex e-con e-child\" data-id=\"d0473d1\" data-element_type=\"container\" data-e-type=\"container\">\n\t\t\t\t\t\t\t\n\t\t<img class=\"e-image-base \" \n\t\t\t\t\tdata-interaction-id=\"72250e9\" \n\t\t \n\t\t \n\t\t\t\t\t\t\t\t\tid=\"303\"\n\t\t\t\t\t\t\t\t\t\t\t\tsrc=\"https:\/\/gite-paimpol.fr\/wp-content\/uploads\/2026\/04\/CHMBRE-4-1.jpg\"\n\t\t\t\t\t\t\t\t\t\t\t\twidth=\"1000\"\n\t\t\t\t\t\t\t\t\t\t\t\theight=\"750\"\n\t\t\t\t\t\t\t\t\t\t\t\tsrcset=\"https:\/\/gite-paimpol.fr\/wp-content\/uploads\/2026\/04\/CHMBRE-4-1.jpg 1000w, https:\/\/gite-paimpol.fr\/wp-content\/uploads\/2026\/04\/CHMBRE-4-1-300x225.jpg 300w, https:\/\/gite-paimpol.fr\/wp-content\/uploads\/2026\/04\/CHMBRE-4-1-768x576.jpg 768w\"\n\t\t\t\t\t\t\t\t\t\t\t\talt=\"\"\n\t\t\t\t\t\t\/>\n\t\t\t\t\t<\/div>\n\t\t<div class=\"elementor-element elementor-element-42f5c07 e-con-full e-flex e-con e-child\" data-id=\"42f5c07\" data-element_type=\"container\" data-e-type=\"container\">\n\t\t\t\t\t\t\t\n\t\t<img class=\"e-image-base \" \n\t\t\t\t\tdata-interaction-id=\"e0ed4c2\" \n\t\t \n\t\t \n\t\t\t\t\t\t\t\t\tid=\"306\"\n\t\t\t\t\t\t\t\t\t\t\t\tsrc=\"https:\/\/gite-paimpol.fr\/wp-content\/uploads\/2026\/04\/CHMBRE-7jpg-1.jpg\"\n\t\t\t\t\t\t\t\t\t\t\t\twidth=\"1000\"\n\t\t\t\t\t\t\t\t\t\t\t\theight=\"750\"\n\t\t\t\t\t\t\t\t\t\t\t\tsrcset=\"https:\/\/gite-paimpol.fr\/wp-content\/uploads\/2026\/04\/CHMBRE-7jpg-1.jpg 1000w, https:\/\/gite-paimpol.fr\/wp-content\/uploads\/2026\/04\/CHMBRE-7jpg-1-300x225.jpg 300w, https:\/\/gite-paimpol.fr\/wp-content\/uploads\/2026\/04\/CHMBRE-7jpg-1-768x576.jpg 768w\"\n\t\t\t\t\t\t\t\t\t\t\t\talt=\"\"\n\t\t\t\t\t\t\/>\n\t\t\t\t\t<\/div>\n\t\t\t\t\t<\/div>\n\t\t\t\t<\/div>\n\t\t<div class=\"elementor-element elementor-element-bf8db4a e-flex e-con-boxed e-con e-parent\" data-id=\"bf8db4a\" data-element_type=\"container\" data-e-type=\"container\">\n\t\t\t\t\t<div class=\"e-con-inner\">\n\t\t<div class=\"elementor-element elementor-element-149fa77 e-con-full e-flex e-con e-child\" data-id=\"149fa77\" data-element_type=\"container\" data-e-type=\"container\">\n\t\t\t\t\t\t\t\t<p class=\"e-9071912-2ff7504 e-paragraph-base\" data-interaction-id=\"9071912\"  >\n\t\t\t\t\t\t\t\t<strong>2 Lits de 90 cm<\/strong>&nbsp;avec des sommiers \u00e0 lattes, des matelas futon, et des couettes.\n\t\t\t\t\t<\/p>\n\t\t\t\t<\/div>\n\t\t<div class=\"elementor-element elementor-element-de0a22e e-con-full e-flex e-con e-child\" data-id=\"de0a22e\" data-element_type=\"container\" data-e-type=\"container\">\n\t\t\t\t\t\t\t\n\t\t<img class=\"e-image-base \" \n\t\t\t\t\tdata-interaction-id=\"3a8e9a1\" \n\t\t \n\t\t \n\t\t\t\t\t\t\t\t\tid=\"305\"\n\t\t\t\t\t\t\t\t\t\t\t\tsrc=\"https:\/\/gite-paimpol.fr\/wp-content\/uploads\/2026\/04\/CHMBRE-6-1.jpg\"\n\t\t\t\t\t\t\t\t\t\t\t\twidth=\"1000\"\n\t\t\t\t\t\t\t\t\t\t\t\theight=\"750\"\n\t\t\t\t\t\t\t\t\t\t\t\tsrcset=\"https:\/\/gite-paimpol.fr\/wp-content\/uploads\/2026\/04\/CHMBRE-6-1.jpg 1000w, https:\/\/gite-paimpol.fr\/wp-content\/uploads\/2026\/04\/CHMBRE-6-1-300x225.jpg 300w, https:\/\/gite-paimpol.fr\/wp-content\/uploads\/2026\/04\/CHMBRE-6-1-768x576.jpg 768w\"\n\t\t\t\t\t\t\t\t\t\t\t\talt=\"\"\n\t\t\t\t\t\t\/>\n\t\t\t\t\t<\/div>\n\t\t\t\t\t<\/div>\n\t\t\t\t<\/div>\n\t\t<div class=\"elementor-element elementor-element-fb83b30 e-flex e-con-boxed e-con e-parent\" data-id=\"fb83b30\" data-element_type=\"container\" data-e-type=\"container\">\n\t\t\t\t\t<div class=\"e-con-inner\">\n\t\t\t\t\t\t\t<h3 \n\t\tdata-interaction-id=\"23369bf\" \n\t\tclass=\"e-heading-base\" \n\t\t \n\t\t\n\t>\n\t\n\t\t\tLa salle d'eau\n\t\t<\/h3>\n\t\t\t\t\t<\/div>\n\t\t\t\t<\/div>\n\t\t<div class=\"elementor-element elementor-element-7eef0e3 e-flex e-con-boxed e-con e-parent\" data-id=\"7eef0e3\" data-element_type=\"container\" data-e-type=\"container\">\n\t\t\t\t\t<div class=\"e-con-inner\">\n\t\t<div class=\"elementor-element elementor-element-ec58d70 e-con-full e-flex e-con e-child\" data-id=\"ec58d70\" data-element_type=\"container\" data-e-type=\"container\">\n\t\t\t\t\t\t\t\t<p class=\"e-79e281f-76a8228 e-paragraph-base\" data-interaction-id=\"79e281f\"  >\n\t\t\t\t\t\t\t\tSalle d'eau avec douche et WC\n\t\t\t\t\t<\/p>\n\t\t\t\t<\/div>\n\t\t<div class=\"elementor-element elementor-element-a343e65 e-con-full e-flex e-con e-child\" data-id=\"a343e65\" data-element_type=\"container\" data-e-type=\"container\">\n\t\t\t\t\t\t\t\n\t\t<img class=\"e-image-base \" \n\t\t\t\t\tdata-interaction-id=\"123c6cf\" \n\t\t \n\t\t \n\t\t\t\t\t\t\t\t\tid=\"323\"\n\t\t\t\t\t\t\t\t\t\t\t\tsrc=\"https:\/\/gite-paimpol.fr\/wp-content\/uploads\/2026\/04\/DOUCHE-1-1.jpg\"\n\t\t\t\t\t\t\t\t\t\t\t\twidth=\"1000\"\n\t\t\t\t\t\t\t\t\t\t\t\theight=\"750\"\n\t\t\t\t\t\t\t\t\t\t\t\tsrcset=\"https:\/\/gite-paimpol.fr\/wp-content\/uploads\/2026\/04\/DOUCHE-1-1.jpg 1000w, https:\/\/gite-paimpol.fr\/wp-content\/uploads\/2026\/04\/DOUCHE-1-1-300x225.jpg 300w, https:\/\/gite-paimpol.fr\/wp-content\/uploads\/2026\/04\/DOUCHE-1-1-768x576.jpg 768w\"\n\t\t\t\t\t\t\t\t\t\t\t\talt=\"\"\n\t\t\t\t\t\t\/>\n\t\t\t\t\t<\/div>\n\t\t\t\t\t<\/div>\n\t\t\t\t<\/div>\n\t\t<div class=\"elementor-element elementor-element-c061de4 e-flex e-con-boxed e-con e-parent\" data-id=\"c061de4\" data-element_type=\"container\" data-e-type=\"container\">\n\t\t\t\t\t<div class=\"e-con-inner\">\n\t\t<div class=\"elementor-element elementor-element-401b601 e-con-full e-flex e-con e-child\" data-id=\"401b601\" data-element_type=\"container\" data-e-type=\"container\">\n\t\t\t\t\t\t\t\n\t\t<img class=\"e-image-base \" \n\t\t\t\t\tdata-interaction-id=\"e610bfc\" \n\t\t \n\t\t \n\t\t\t\t\t\t\t\t\tid=\"328\"\n\t\t\t\t\t\t\t\t\t\t\t\tsrc=\"https:\/\/gite-paimpol.fr\/wp-content\/uploads\/2026\/04\/DOUCHE-5-3.jpg\"\n\t\t\t\t\t\t\t\t\t\t\t\twidth=\"750\"\n\t\t\t\t\t\t\t\t\t\t\t\theight=\"1000\"\n\t\t\t\t\t\t\t\t\t\t\t\tsrcset=\"https:\/\/gite-paimpol.fr\/wp-content\/uploads\/2026\/04\/DOUCHE-5-3.jpg 750w, https:\/\/gite-paimpol.fr\/wp-content\/uploads\/2026\/04\/DOUCHE-5-3-225x300.jpg 225w\"\n\t\t\t\t\t\t\t\t\t\t\t\talt=\"\"\n\t\t\t\t\t\t\/>\n\t\t\t\t\t<\/div>\n\t\t<div class=\"elementor-element elementor-element-789d560 e-con-full e-flex e-con e-child\" data-id=\"789d560\" data-element_type=\"container\" data-e-type=\"container\">\n\t\t\t\t<\/div>\n\t\t\t\t\t<\/div>\n\t\t\t\t<\/div>\n\t\t<div class=\"elementor-element elementor-element-d121b51 e-flex e-con-boxed e-con e-parent\" data-id=\"d121b51\" data-element_type=\"container\" data-e-type=\"container\">\n\t\t\t\t\t<div class=\"e-con-inner\">\n\t\t\t\t\t\t\t<h3 \n\t\tdata-interaction-id=\"a3ca5e0\" \n\t\tclass=\"e-heading-base\" \n\t\t \n\t\t\n\t>\n\t\n\t\t\tLa terrasse et le jardin\n\t\t<\/h3>\n\t\t\t\t\t<\/div>\n\t\t\t\t<\/div>\n\t\t<div class=\"elementor-element elementor-element-6af7c37 e-flex e-con-boxed e-con e-parent\" data-id=\"6af7c37\" data-element_type=\"container\" data-e-type=\"container\">\n\t\t\t\t\t<div class=\"e-con-inner\">\n\t\t<div class=\"elementor-element elementor-element-5ef6fba e-con-full e-flex e-con e-child\" data-id=\"5ef6fba\" data-element_type=\"container\" data-e-type=\"container\">\n\t\t\t\t\t\t\t\t<p class=\"e-a4d9473-4a9fd70 e-paragraph-base\" data-interaction-id=\"a4d9473\"  >\n\t\t\t\t\t\t\t\tTerrasse avec chaises longues et barbecue&nbsp;<br>Jardin am\u00e9nag\u00e9 et possibilit\u00e9 de se garer<br>Jardin clos&nbsp;\n\t\t\t\t\t<\/p>\n\t\t\t\t<\/div>\n\t\t<div class=\"elementor-element elementor-element-fcbbb7e e-con-full e-flex e-con e-child\" data-id=\"fcbbb7e\" data-element_type=\"container\" data-e-type=\"container\">\n\t\t\t\t\t\t\t\n\t\t<img class=\"e-image-base \" \n\t\t\t\t\tdata-interaction-id=\"ac47893\" \n\t\t \n\t\t \n\t\t\t\t\t\t\t\t\tid=\"338\"\n\t\t\t\t\t\t\t\t\t\t\t\tsrc=\"https:\/\/gite-paimpol.fr\/wp-content\/uploads\/2026\/04\/EXT-7-2.jpg\"\n\t\t\t\t\t\t\t\t\t\t\t\twidth=\"1000\"\n\t\t\t\t\t\t\t\t\t\t\t\theight=\"750\"\n\t\t\t\t\t\t\t\t\t\t\t\tsrcset=\"https:\/\/gite-paimpol.fr\/wp-content\/uploads\/2026\/04\/EXT-7-2.jpg 1000w, https:\/\/gite-paimpol.fr\/wp-content\/uploads\/2026\/04\/EXT-7-2-300x225.jpg 300w, https:\/\/gite-paimpol.fr\/wp-content\/uploads\/2026\/04\/EXT-7-2-768x576.jpg 768w\"\n\t\t\t\t\t\t\t\t\t\t\t\talt=\"\"\n\t\t\t\t\t\t\/>\n\t\t\t\t\t<\/div>\n\t\t\t\t\t<\/div>\n\t\t\t\t<\/div>\n\t\t<div class=\"elementor-element elementor-element-e7bd942 e-flex e-con-boxed e-con e-parent\" data-id=\"e7bd942\" data-element_type=\"container\" data-e-type=\"container\">\n\t\t\t\t\t<div class=\"e-con-inner\">\n\t\t<div class=\"elementor-element elementor-element-3d0a81a e-con-full e-flex e-con e-child\" data-id=\"3d0a81a\" data-element_type=\"container\" data-e-type=\"container\">\n\t\t\t\t\t\t\t\n\t\t<img class=\"e-image-base \" \n\t\t\t\t\tdata-interaction-id=\"7dc10fc\" \n\t\t \n\t\t \n\t\t\t\t\t\t\t\t\tid=\"341\"\n\t\t\t\t\t\t\t\t\t\t\t\tsrc=\"https:\/\/gite-paimpol.fr\/wp-content\/uploads\/2026\/04\/EXT-10-2.jpg\"\n\t\t\t\t\t\t\t\t\t\t\t\twidth=\"1000\"\n\t\t\t\t\t\t\t\t\t\t\t\theight=\"750\"\n\t\t\t\t\t\t\t\t\t\t\t\tsrcset=\"https:\/\/gite-paimpol.fr\/wp-content\/uploads\/2026\/04\/EXT-10-2.jpg 1000w, https:\/\/gite-paimpol.fr\/wp-content\/uploads\/2026\/04\/EXT-10-2-300x225.jpg 300w, https:\/\/gite-paimpol.fr\/wp-content\/uploads\/2026\/04\/EXT-10-2-768x576.jpg 768w\"\n\t\t\t\t\t\t\t\t\t\t\t\talt=\"\"\n\t\t\t\t\t\t\/>\n\t\t\t\t\t<\/div>\n\t\t<div class=\"elementor-element elementor-element-a330aa7 e-con-full e-flex e-con e-child\" data-id=\"a330aa7\" data-element_type=\"container\" data-e-type=\"container\">\n\t\t\t\t\t\t\t\n\t\t<img class=\"e-image-base \" \n\t\t\t\t\tdata-interaction-id=\"b687849\" \n\t\t \n\t\t \n\t\t\t\t\t\t\t\t\tid=\"336\"\n\t\t\t\t\t\t\t\t\t\t\t\tsrc=\"https:\/\/gite-paimpol.fr\/wp-content\/uploads\/2026\/04\/EXT-5-2.jpg\"\n\t\t\t\t\t\t\t\t\t\t\t\twidth=\"1000\"\n\t\t\t\t\t\t\t\t\t\t\t\theight=\"750\"\n\t\t\t\t\t\t\t\t\t\t\t\tsrcset=\"https:\/\/gite-paimpol.fr\/wp-content\/uploads\/2026\/04\/EXT-5-2.jpg 1000w, https:\/\/gite-paimpol.fr\/wp-content\/uploads\/2026\/04\/EXT-5-2-300x225.jpg 300w, https:\/\/gite-paimpol.fr\/wp-content\/uploads\/2026\/04\/EXT-5-2-768x576.jpg 768w\"\n\t\t\t\t\t\t\t\t\t\t\t\talt=\"\"\n\t\t\t\t\t\t\/>\n\t\t\t\t\t<\/div>\n\t\t\t\t\t<\/div>\n\t\t\t\t<\/div>\n\t\t\t\t<\/div>\n\t\t","protected":false},"excerpt":{"rendered":"<p>Voici quelques photos de l&#8217;int\u00e9rieur de la maison \u00e0 la d\u00e9coration typique d&#8217;une maison bretonne La cuisine Les&nbsp;\u00e9quipements&nbsp;de la cuisine:-4 plaques \u00e9lectriques-lave vaisselle-hotte-cafeti\u00e8re-four combin\u00e9 -micro-ondes-r\u00e9frig\u00e9rateur\/cong\u00e9lateur Le s\u00e9jour La chambre L&#8217;\u00e9tage de la maison est compos\u00e9&nbsp;d&#8217;une grande chambre mezzanine. Un&nbsp;grand lit de 160 cm&nbsp;avec un sommier \u00e0 lattes, un matelas mousse et une couette 2 Lits [&hellip;]<\/p>\n","protected":false},"author":1,"featured_media":0,"parent":0,"menu_order":0,"comment_status":"closed","ping_status":"closed","template":"","meta":{"footnotes":""},"class_list":["post-17","page","type-page","status-publish","hentry"],"blocksy_meta":[],"_links":{"self":[{"href":"https:\/\/gite-paimpol.fr\/index.php\/wp-json\/wp\/v2\/pages\/17","targetHints":{"allow":["GET"]}}],"collection":[{"href":"https:\/\/gite-paimpol.fr\/index.php\/wp-json\/wp\/v2\/pages"}],"about":[{"href":"https:\/\/gite-paimpol.fr\/index.php\/wp-json\/wp\/v2\/types\/page"}],"author":[{"embeddable":true,"href":"https:\/\/gite-paimpol.fr\/index.php\/wp-json\/wp\/v2\/users\/1"}],"replies":[{"embeddable":true,"href":"https:\/\/gite-paimpol.fr\/index.php\/wp-json\/wp\/v2\/comments?post=17"}],"version-history":[{"count":43,"href":"https:\/\/gite-paimpol.fr\/index.php\/wp-json\/wp\/v2\/pages\/17\/revisions"}],"predecessor-version":[{"id":344,"href":"https:\/\/gite-paimpol.fr\/index.php\/wp-json\/wp\/v2\/pages\/17\/revisions\/344"}],"wp:attachment":[{"href":"https:\/\/gite-paimpol.fr\/index.php\/wp-json\/wp\/v2\/media?parent=17"}],"curies":[{"name":"wp","href":"https:\/\/api.w.org\/{rel}","templated":true}]}}