{"id":15,"date":"2026-04-15T19:46:28","date_gmt":"2026-04-15T19:46:28","guid":{"rendered":"http:\/\/hflcdzh.cluster121.hosting.ovh.net\/?page_id=15"},"modified":"2026-04-18T20:57:14","modified_gmt":"2026-04-18T20:57:14","slug":"disponibilites-et-tarifs","status":"publish","type":"page","link":"https:\/\/gite-paimpol.fr\/index.php\/disponibilites-et-tarifs\/","title":{"rendered":"Disponibilit\u00e9s et Tarifs"},"content":{"rendered":"\t\t<div data-elementor-type=\"wp-page\" data-elementor-id=\"15\" class=\"elementor elementor-15\">\n\t\t\t\t<div class=\"elementor-element elementor-element-a304e66 e-flex e-con-boxed e-con e-parent\" data-id=\"a304e66\" data-element_type=\"container\" data-e-type=\"container\">\n\t\t\t\t\t<div class=\"e-con-inner\">\n\t\t\t\t\t\t\t\t<p class=\"e-paragraph-base\" data-interaction-id=\"36eb6d5\"  >\n\t\t\t\t\t\t\t\t<strong>&nbsp;Contactez nous pour connaitre les disponibilit\u00e9s <\/strong><br><br><strong>Pensez \u00e0 lire les modalit\u00e9s ci-dessous :&nbsp;<\/strong><br><br><strong>-<\/strong>Les d\u00e9parts se font le samedi \u00e0 10H<br>-Les arriv\u00e9es se font le samedi \u00e0 partir de 14H&nbsp;<br>-Electricit\u00e9 et chauffage \u00e0 la consommation r\u00e9elle&nbsp; 0.26\u20ac le Kwh<br>-Forfait m\u00e9nage 60 euros<br>-Taxe s\u00e9jour de 1,60\u20ac par jour et par personne adulte<br>-Arrhes de 30% du prix de la location \u00e0 la r\u00e9servation<br>-Solde \u00e0 la remise des clefs \u00e0 l\u2019arriv\u00e9e<br>-Caution de 200 euros vers\u00e9e \u00e0 l'arriv\u00e9e<br>-Apporter le linge de lit et de toilette<br>-Les animaux ne sont pas accept\u00e9s\n\t\t\t\t\t<\/p>\n\t\t\t\t\t<\/div>\n\t\t\t\t<\/div>\n\t\t\t\t<\/div>\n\t\t","protected":false},"excerpt":{"rendered":"<p>&nbsp;Contactez nous pour connaitre les disponibilit\u00e9s Pensez \u00e0 lire les modalit\u00e9s ci-dessous :&nbsp; &#8211;Les d\u00e9parts se font le samedi \u00e0 10H-Les arriv\u00e9es se font le samedi \u00e0 partir de 14H&nbsp;-Electricit\u00e9 et chauffage \u00e0 la consommation r\u00e9elle&nbsp; 0.26\u20ac le Kwh-Forfait m\u00e9nage 60 euros-Taxe s\u00e9jour de 1,60\u20ac par jour et par personne adulte-Arrhes de 30% du prix [&hellip;]<\/p>\n","protected":false},"author":1,"featured_media":0,"parent":0,"menu_order":0,"comment_status":"closed","ping_status":"closed","template":"","meta":{"footnotes":""},"class_list":["post-15","page","type-page","status-publish","hentry"],"blocksy_meta":[],"_links":{"self":[{"href":"https:\/\/gite-paimpol.fr\/index.php\/wp-json\/wp\/v2\/pages\/15","targetHints":{"allow":["GET"]}}],"collection":[{"href":"https:\/\/gite-paimpol.fr\/index.php\/wp-json\/wp\/v2\/pages"}],"about":[{"href":"https:\/\/gite-paimpol.fr\/index.php\/wp-json\/wp\/v2\/types\/page"}],"author":[{"embeddable":true,"href":"https:\/\/gite-paimpol.fr\/index.php\/wp-json\/wp\/v2\/users\/1"}],"replies":[{"embeddable":true,"href":"https:\/\/gite-paimpol.fr\/index.php\/wp-json\/wp\/v2\/comments?post=15"}],"version-history":[{"count":7,"href":"https:\/\/gite-paimpol.fr\/index.php\/wp-json\/wp\/v2\/pages\/15\/revisions"}],"predecessor-version":[{"id":477,"href":"https:\/\/gite-paimpol.fr\/index.php\/wp-json\/wp\/v2\/pages\/15\/revisions\/477"}],"wp:attachment":[{"href":"https:\/\/gite-paimpol.fr\/index.php\/wp-json\/wp\/v2\/media?parent=15"}],"curies":[{"name":"wp","href":"https:\/\/api.w.org\/{rel}","templated":true}]}}