{"id":12,"date":"2026-04-15T19:42:36","date_gmt":"2026-04-15T19:42:36","guid":{"rendered":"http:\/\/hflcdzh.cluster121.hosting.ovh.net\/?page_id=12"},"modified":"2026-04-18T20:50:01","modified_gmt":"2026-04-18T20:50:01","slug":"presentation-localisation","status":"publish","type":"page","link":"https:\/\/gite-paimpol.fr\/index.php\/presentation-localisation\/","title":{"rendered":"Pr\u00e9sentation &amp; Localisation"},"content":{"rendered":"\t\t<div data-elementor-type=\"wp-page\" data-elementor-id=\"12\" class=\"elementor elementor-12\">\n\t\t\t\t\t\t<div class=\"elementor-element elementor-element-1d4e547 e-con e-atomic-element e-flexbox-base\" data-id=\"1d4e547\" data-element_type=\"e-flexbox\" data-e-type=\"e-flexbox\" data-interaction-id=\"1d4e547\">\n\t\t\t\t<\/div>\n\t\t<div class=\"elementor-element elementor-element-2d72c1e e-flex e-con-boxed e-con e-parent\" data-id=\"2d72c1e\" data-element_type=\"container\" data-e-type=\"container\">\n\t\t\t\t\t<div class=\"e-con-inner\">\n\t\t\t\t\t\t\t<h3 \n\t\tdata-interaction-id=\"8f290f0\" \n\t\tclass=\"e-heading-base\" \n\t\t \n\t\t\n\t>\n\t\n\t\t\tLa Vigie - Pr\u00e9sentation de la maison\n\t\t<\/h3>\n\t\t\t\t\t<\/div>\n\t\t\t\t<\/div>\n\t\t<div class=\"elementor-element elementor-element-8d001a2 e-flex e-con-boxed e-con e-parent\" data-id=\"8d001a2\" data-element_type=\"container\" data-e-type=\"container\">\n\t\t\t\t\t<div class=\"e-con-inner\">\n\t\t<div class=\"elementor-element elementor-element-b98684b e-con-full e-flex e-con e-child\" data-id=\"b98684b\" data-element_type=\"container\" data-e-type=\"container\">\n\t\t\t\t\t\t\t\n\t\t<img class=\"e-image-base \" \n\t\t\t\t\tdata-interaction-id=\"50e7412\" \n\t\t \n\t\t \n\t\t\t\t\t\t\t\t\tid=\"441\"\n\t\t\t\t\t\t\t\t\t\t\t\tsrc=\"https:\/\/gite-paimpol.fr\/wp-content\/uploads\/2026\/04\/logo-vigie-2007.jpg\"\n\t\t\t\t\t\t\t\t\t\t\t\twidth=\"640\"\n\t\t\t\t\t\t\t\t\t\t\t\theight=\"517\"\n\t\t\t\t\t\t\t\t\t\t\t\tsrcset=\"https:\/\/gite-paimpol.fr\/wp-content\/uploads\/2026\/04\/logo-vigie-2007.jpg 640w, https:\/\/gite-paimpol.fr\/wp-content\/uploads\/2026\/04\/logo-vigie-2007-300x242.jpg 300w\"\n\t\t\t\t\t\t\t\t\t\t\t\talt=\"\"\n\t\t\t\t\t\t\/>\n\t\t\t\t\t<\/div>\n\t\t<div class=\"elementor-element elementor-element-f845236 e-con-full e-flex e-con e-child\" data-id=\"f845236\" data-element_type=\"container\" data-e-type=\"container\">\n\t\t\t\t\t\t\t\t<p class=\"e-06066bc-0e5137a e-paragraph-base\" data-interaction-id=\"06066bc\"  >\n\t\t\t\t\t\t\t\tMaison de pays individuelle de 73 m2 avec 3 pi\u00e8ces r\u00e9parties sur 2 niveaux.<br>Elle peut accueillir 4 personnes ( +1 lit b\u00e9b\u00e9)\n\t\t\t\t\t<\/p>\n\t\t\t\t<\/div>\n\t\t\t\t\t<\/div>\n\t\t\t\t<\/div>\n\t\t<div class=\"elementor-element elementor-element-36da170 e-flex e-con-boxed e-con e-parent\" data-id=\"36da170\" data-element_type=\"container\" data-e-type=\"container\">\n\t\t\t\t\t<div class=\"e-con-inner\">\n\t\t<div class=\"elementor-element elementor-element-8092c30 e-con-full e-flex e-con e-child\" data-id=\"8092c30\" data-element_type=\"container\" data-e-type=\"container\">\n\t\t<div class=\"elementor-element elementor-element-324e1d4 e-con-full e-flex e-con e-child\" data-id=\"324e1d4\" data-element_type=\"container\" data-e-type=\"container\">\n\t\t\t\t<\/div>\n\t\t\t\t<\/div>\n\t\t\t\t\t<\/div>\n\t\t\t\t<\/div>\n\t\t<div class=\"elementor-element elementor-element-25e8d85 e-flex e-con-boxed e-con e-parent\" data-id=\"25e8d85\" data-element_type=\"container\" data-e-type=\"container\">\n\t\t\t\t\t<div class=\"e-con-inner\">\n\t\t<div class=\"elementor-element elementor-element-e58b616 e-con-full e-flex e-con e-child\" data-id=\"e58b616\" data-element_type=\"container\" data-e-type=\"container\">\n\t\t\t\t\t\t\t\t<p class=\"e-2cceac5-7569ced e-paragraph-base\" data-interaction-id=\"2cceac5\"  >\n\t\t\t\t\t\t\t\tAu rez de chauss\u00e9e\n\t\t\t\t\t<\/p>\n\t\t\t\t<\/div>\n\t\t<div class=\"elementor-element elementor-element-edfbbc3 e-con-full e-flex e-con e-child\" data-id=\"edfbbc3\" data-element_type=\"container\" data-e-type=\"container\">\n\t\t\t\t\t\t\t\t<p class=\"e-55edb78-9964380 e-paragraph-base\" data-interaction-id=\"55edb78\"  >\n\t\t\t\t\t\t\t\t\ud83d\udc1f <strong id=\"e-mo4t9ema-jc7sjtj\">SEJOUR<\/strong> :&nbsp;<br>salle \u00e0 manger, TV satellite, Internet (chemin\u00e9e \u00e0 NE PAS utiliser)<br><br>\ud83d\udc1f<strong id=\"e-mo4t9ema-5u5yw9b\">CUISINE<\/strong> : 4 plaques \u00e9lectriques, hotte, four combin\u00e9 micro-ondes, r\u00e9frig\u00e9rateur, cong\u00e9lateur, lave-vaisselle<br><br>\ud83d\udc1f<strong id=\"e-mo4t9ema-rsta1w8\">SALLE D'EAU<\/strong>: douche, lavabo, WC<br><br>\ud83d\udc1f<strong id=\"e-mo4t9ema-b9omw2j\">BUANDERIE:<\/strong> lave linge et s\u00e8che linge<strong id=\"e-mo4t9ema-f2qx2om\">+ 1 acc\u00e8s sur l'ext\u00e9rieur<\/strong>\n\t\t\t\t\t<\/p>\n\t\t\t\t<\/div>\n\t\t\t\t\t<\/div>\n\t\t\t\t<\/div>\n\t\t<div class=\"elementor-element elementor-element-3c8115a e-flex e-con-boxed e-con e-parent\" data-id=\"3c8115a\" data-element_type=\"container\" data-e-type=\"container\">\n\t\t\t\t\t<div class=\"e-con-inner\">\n\t\t<div class=\"elementor-element elementor-element-2e9df52 e-con-full e-flex e-con e-child\" data-id=\"2e9df52\" data-element_type=\"container\" data-e-type=\"container\">\n\t\t\t\t\t\t\t\t<p class=\"e-1f3cff2-9256f60 e-paragraph-base\" data-interaction-id=\"1f3cff2\"  >\n\t\t\t\t\t\t\t\tA l' \u00e9tage\n\t\t\t\t\t<\/p>\n\t\t\t\t<\/div>\n\t\t<div class=\"elementor-element elementor-element-5427534 e-con-full e-flex e-con e-child\" data-id=\"5427534\" data-element_type=\"container\" data-e-type=\"container\">\n\t\t\t\t\t\t\t\t<p class=\"e-paragraph-base\" data-interaction-id=\"773d865\"  >\n\t\t\t\t\t\t\t\t<strong id=\"e-mo3avwwq-cic58yo\">1 grande CHAMBRE MEZZANINE<\/strong> avec :<br>- 1 grand lit double<br>- 2 lits simples<br>- 1 lit b\u00e9b\u00e9\n\t\t\t\t\t<\/p>\n\t\t\t\t<\/div>\n\t\t\t\t\t<\/div>\n\t\t\t\t<\/div>\n\t\t<div class=\"elementor-element elementor-element-b186a31 e-flex e-con-boxed e-con e-parent\" data-id=\"b186a31\" data-element_type=\"container\" data-e-type=\"container\">\n\t\t\t\t\t<div class=\"e-con-inner\">\n\t\t<div class=\"elementor-element elementor-element-f9a1c2b e-con-full e-flex e-con e-child\" data-id=\"f9a1c2b\" data-element_type=\"container\" data-e-type=\"container\">\n\t\t\t\t\t\t\t\t<p class=\"e-ef338b0-75ea889 e-paragraph-base\" data-interaction-id=\"ef338b0\"  >\n\t\t\t\t\t\t\t\tJardin\n\t\t\t\t\t<\/p>\n\t\t\t\t<\/div>\n\t\t<div class=\"elementor-element elementor-element-07210c8 e-con-full e-flex e-con e-child\" data-id=\"07210c8\" data-element_type=\"container\" data-e-type=\"container\">\n\t\t\t\t\t\t\t\t<p class=\"e-paragraph-base\" data-interaction-id=\"9be8590\"  >\n\t\t\t\t\t\t\t\t- Salon de jardin avec chaises longues et barbecue<br>- Emplacement de parking\n\t\t\t\t\t<\/p>\n\t\t\t\t<\/div>\n\t\t\t\t\t<\/div>\n\t\t\t\t<\/div>\n\t\t<div class=\"elementor-element elementor-element-4e51450 e-flex e-con-boxed e-con e-parent\" data-id=\"4e51450\" data-element_type=\"container\" data-e-type=\"container\">\n\t\t\t\t\t<div class=\"e-con-inner\">\n\t\t\t\t\t\t\t\t<p class=\"e-9948547-591efd0 e-paragraph-base\" data-interaction-id=\"9948547\"  >\n\t\t\t\t\t\t\t\tPensez \u00e0 lire les modalit\u00e9s ci dessous: \n\t\t\t\t\t<\/p>\n\t\t\t\t\t<\/div>\n\t\t\t\t<\/div>\n\t\t<div class=\"elementor-element elementor-element-da2ffa6 e-flex e-con-boxed e-con e-parent\" data-id=\"da2ffa6\" data-element_type=\"container\" data-e-type=\"container\">\n\t\t\t\t\t<div class=\"e-con-inner\">\n\t\t\t\t\t\t\t\t<p class=\"e-paragraph-base\" data-interaction-id=\"5b2c0e8\"  >\n\t\t\t\t\t\t\t\t- Les d\u00e9parts se font le samedi \u00e0 10H<br>- Les arriv\u00e9es se font le samedi \u00e0 partir de 14H&nbsp;<br>- Electricit\u00e9 et chauffage \u00e0 la consommation r\u00e9elle&nbsp; 0.18\u20ac le Kwh<br>- Forfait m\u00e9nage 60 euros<br>- Taxe s\u00e9jour de 1\u20ac par jour et par personne adulte<br>- Arrhes de 30% du prix de la location \u00e0 la r\u00e9servation<br>- Solde \u00e0 la remise des clefs \u00e0 l\u2019arriv\u00e9e<br>- Caution de 200 euros vers\u00e9e \u00e0 l'arriv\u00e9e<br>- Apporter le linge de lit et de toilette<br>- Les animaux ne sont pas accept\u00e9s\n\t\t\t\t\t<\/p>\n\t\t\t\t\t<\/div>\n\t\t\t\t<\/div>\n\t\t<div class=\"elementor-element elementor-element-7013024 e-flex e-con-boxed e-con e-parent\" data-id=\"7013024\" data-element_type=\"container\" data-e-type=\"container\">\n\t\t\t\t\t<div class=\"e-con-inner\">\n\t\t\t\t\t\t\t<h3 \n\t\tdata-interaction-id=\"9e0d037\" \n\t\tclass=\"e-9e0d037-2371813 e-heading-base\" \n\t\t \n\t\t\n\t>\n\t\n\t\t\tLocalisation du gite\n\t\t<\/h3>\n\t\t\t\t\t<\/div>\n\t\t\t\t<\/div>\n\t\t<div class=\"elementor-element elementor-element-9276ccd e-flex e-con-boxed e-con e-parent\" data-id=\"9276ccd\" data-element_type=\"container\" data-e-type=\"container\">\n\t\t\t\t\t<div class=\"e-con-inner\">\n\t\t<div class=\"elementor-element elementor-element-a21b683 e-con-full e-flex e-con e-child\" data-id=\"a21b683\" data-element_type=\"container\" data-e-type=\"container\">\n\t\t\t\t\t\t\t\t<p class=\"e-paragraph-base\" data-interaction-id=\"ab6a4bd\"  >\n\t\t\t\t\t\t\t\t<a target=\"_blank\" href=\"https:\/\/web.archive.org\/web\/20250910041212\/http:\/\/gite-paimpol.fr\/wp-content\/uploads\/2022\/11\/cotes-darmor-1024x586-1.jpg\"><br><\/a>Le gite \"La vigie\" est situ\u00e9 en <strong>Bretagne<\/strong>&nbsp;dans le d\u00e9partement des<strong>&nbsp;C\u00f4tes d'Armor<\/strong>.\n\t\t\t\t\t<\/p>\n\t\t\t\t<\/div>\n\t\t<div class=\"elementor-element elementor-element-38374e4 e-con-full e-flex e-con e-child\" data-id=\"38374e4\" data-element_type=\"container\" data-e-type=\"container\">\n\t\t\t\t\t\t\t\n\t\t<img class=\"e-image-base \" \n\t\t\t\t\tdata-interaction-id=\"42b3436\" \n\t\t \n\t\t \n\t\t\t\t\t\t\t\t\tid=\"185\"\n\t\t\t\t\t\t\t\t\t\t\t\tsrc=\"https:\/\/gite-paimpol.fr\/wp-content\/uploads\/2026\/04\/cotes-darmor.jpg\"\n\t\t\t\t\t\t\t\t\t\t\t\twidth=\"1987\"\n\t\t\t\t\t\t\t\t\t\t\t\theight=\"1138\"\n\t\t\t\t\t\t\t\t\t\t\t\tsrcset=\"https:\/\/gite-paimpol.fr\/wp-content\/uploads\/2026\/04\/cotes-darmor.jpg 1987w, https:\/\/gite-paimpol.fr\/wp-content\/uploads\/2026\/04\/cotes-darmor-300x172.jpg 300w, https:\/\/gite-paimpol.fr\/wp-content\/uploads\/2026\/04\/cotes-darmor-1024x586.jpg 1024w, https:\/\/gite-paimpol.fr\/wp-content\/uploads\/2026\/04\/cotes-darmor-768x440.jpg 768w, https:\/\/gite-paimpol.fr\/wp-content\/uploads\/2026\/04\/cotes-darmor-1536x880.jpg 1536w\"\n\t\t\t\t\t\t\t\t\t\t\t\talt=\"\"\n\t\t\t\t\t\t\/>\n\t\t\t\t\t<\/div>\n\t\t\t\t\t<\/div>\n\t\t\t\t<\/div>\n\t\t<div class=\"elementor-element elementor-element-f815aaf e-flex e-con-boxed e-con e-parent\" data-id=\"f815aaf\" data-element_type=\"container\" data-e-type=\"container\">\n\t\t\t\t\t<div class=\"e-con-inner\">\n\t\t<div class=\"elementor-element elementor-element-ebe011f e-con-full e-flex e-con e-child\" data-id=\"ebe011f\" data-element_type=\"container\" data-e-type=\"container\">\n\t\t\t\t\t\t\t\n\t\t<img class=\"e-image-base \" \n\t\t\t\t\tdata-interaction-id=\"11f4402\" \n\t\t \n\t\t \n\t\t\t\t\t\t\t\t\tid=\"190\"\n\t\t\t\t\t\t\t\t\t\t\t\tsrc=\"https:\/\/gite-paimpol.fr\/wp-content\/uploads\/2026\/04\/commune-plourvivo.jpg\"\n\t\t\t\t\t\t\t\t\t\t\t\twidth=\"1964\"\n\t\t\t\t\t\t\t\t\t\t\t\theight=\"1303\"\n\t\t\t\t\t\t\t\t\t\t\t\tsrcset=\"https:\/\/gite-paimpol.fr\/wp-content\/uploads\/2026\/04\/commune-plourvivo.jpg 1964w, https:\/\/gite-paimpol.fr\/wp-content\/uploads\/2026\/04\/commune-plourvivo-300x199.jpg 300w, https:\/\/gite-paimpol.fr\/wp-content\/uploads\/2026\/04\/commune-plourvivo-1024x679.jpg 1024w, https:\/\/gite-paimpol.fr\/wp-content\/uploads\/2026\/04\/commune-plourvivo-768x510.jpg 768w, https:\/\/gite-paimpol.fr\/wp-content\/uploads\/2026\/04\/commune-plourvivo-1536x1019.jpg 1536w\"\n\t\t\t\t\t\t\t\t\t\t\t\talt=\"\"\n\t\t\t\t\t\t\/>\n\t\t\t\t\t<\/div>\n\t\t<div class=\"elementor-element elementor-element-d47f723 e-con-full e-flex e-con e-child\" data-id=\"d47f723\" data-element_type=\"container\" data-e-type=\"container\">\n\t\t\t\t\t\t\t\t<p class=\"e-paragraph-base\" data-interaction-id=\"833ddeb\"  >\n\t\t\t\t\t\t\t\tLa maison se trouve sur la commune de<strong>&nbsp;Plourivo<\/strong>, \u00e0 une vingtaine de minutes en voiture, de&nbsp;<strong>Paimpol<\/strong>.\n\t\t\t\t\t<\/p>\n\t\t\t\t<\/div>\n\t\t\t\t\t<\/div>\n\t\t\t\t<\/div>\n\t\t<div class=\"elementor-element elementor-element-2e6e51e e-flex e-con-boxed e-con e-parent\" data-id=\"2e6e51e\" data-element_type=\"container\" data-e-type=\"container\">\n\t\t\t\t\t<div class=\"e-con-inner\">\n\t\t<div class=\"elementor-element elementor-element-1de2306 e-con-full e-flex e-con e-child\" data-id=\"1de2306\" data-element_type=\"container\" data-e-type=\"container\">\n\t\t\t\t\t\t\t\t<p class=\"e-paragraph-base\" data-interaction-id=\"1bfe9fc\"  >\n\t\t\t\t\t\t\t\tL'emplacement est tr\u00e8s calme et se trouve au bout d'une impasse \u00e0 proximit\u00e9 de la for\u00eat de&nbsp;<strong>Plourivo (\u00e0 Lancerf).<\/strong>\n\t\t\t\t\t<\/p>\n\t\t\t\t\t\t\t\n\t\t<img class=\"e-image-base \" \n\t\t\t\t\tdata-interaction-id=\"be60a0c\" \n\t\t \n\t\t \n\t\t\t\t\t\t\t\t\tid=\"187\"\n\t\t\t\t\t\t\t\t\t\t\t\tsrc=\"https:\/\/gite-paimpol.fr\/wp-content\/uploads\/2026\/04\/vigie-vue-du-ciel.jpg\"\n\t\t\t\t\t\t\t\t\t\t\t\twidth=\"986\"\n\t\t\t\t\t\t\t\t\t\t\t\theight=\"735\"\n\t\t\t\t\t\t\t\t\t\t\t\tsrcset=\"https:\/\/gite-paimpol.fr\/wp-content\/uploads\/2026\/04\/vigie-vue-du-ciel.jpg 986w, https:\/\/gite-paimpol.fr\/wp-content\/uploads\/2026\/04\/vigie-vue-du-ciel-300x224.jpg 300w, https:\/\/gite-paimpol.fr\/wp-content\/uploads\/2026\/04\/vigie-vue-du-ciel-768x572.jpg 768w\"\n\t\t\t\t\t\t\t\t\t\t\t\talt=\"\"\n\t\t\t\t\t\t\/>\n\t\t\t\t\t<\/div>\n\t\t<div class=\"elementor-element elementor-element-d3a5a4b e-con-full e-flex e-con e-child\" data-id=\"d3a5a4b\" data-element_type=\"container\" data-e-type=\"container\">\n\t\t\t\t\t\t\t\n\t\t<img class=\"e-image-base \" \n\t\t\t\t\tdata-interaction-id=\"f5717bd\" \n\t\t \n\t\t \n\t\t\t\t\t\t\t\t\tid=\"191\"\n\t\t\t\t\t\t\t\t\t\t\t\tsrc=\"https:\/\/gite-paimpol.fr\/wp-content\/uploads\/2026\/04\/la-vigie-lancerf.jpg\"\n\t\t\t\t\t\t\t\t\t\t\t\twidth=\"1705\"\n\t\t\t\t\t\t\t\t\t\t\t\theight=\"1268\"\n\t\t\t\t\t\t\t\t\t\t\t\tsrcset=\"https:\/\/gite-paimpol.fr\/wp-content\/uploads\/2026\/04\/la-vigie-lancerf.jpg 1705w, https:\/\/gite-paimpol.fr\/wp-content\/uploads\/2026\/04\/la-vigie-lancerf-300x223.jpg 300w, https:\/\/gite-paimpol.fr\/wp-content\/uploads\/2026\/04\/la-vigie-lancerf-1024x762.jpg 1024w, https:\/\/gite-paimpol.fr\/wp-content\/uploads\/2026\/04\/la-vigie-lancerf-768x571.jpg 768w, https:\/\/gite-paimpol.fr\/wp-content\/uploads\/2026\/04\/la-vigie-lancerf-1536x1142.jpg 1536w\"\n\t\t\t\t\t\t\t\t\t\t\t\talt=\"\"\n\t\t\t\t\t\t\/>\n\t\t\t<div class=\"elementor-element elementor-element-733bbbe e-con-full e-flex e-con e-child\" data-id=\"733bbbe\" data-element_type=\"container\" data-e-type=\"container\">\n\t\t\t\t<\/div>\n\t\t\t\t<\/div>\n\t\t\t\t\t<\/div>\n\t\t\t\t<\/div>\n\t\t\t\t<\/div>\n\t\t","protected":false},"excerpt":{"rendered":"<p>La Vigie &#8211; Pr\u00e9sentation de la maison Maison de pays individuelle de 73 m2 avec 3 pi\u00e8ces r\u00e9parties sur 2 niveaux.Elle peut accueillir 4 personnes ( +1 lit b\u00e9b\u00e9) Au rez de chauss\u00e9e \ud83d\udc1f SEJOUR :&nbsp;salle \u00e0 manger, TV satellite, Internet (chemin\u00e9e \u00e0 NE PAS utiliser) \ud83d\udc1fCUISINE : 4 plaques \u00e9lectriques, hotte, four combin\u00e9 micro-ondes, [&hellip;]<\/p>\n","protected":false},"author":1,"featured_media":0,"parent":0,"menu_order":0,"comment_status":"closed","ping_status":"closed","template":"","meta":{"footnotes":""},"class_list":["post-12","page","type-page","status-publish","hentry"],"blocksy_meta":[],"_links":{"self":[{"href":"https:\/\/gite-paimpol.fr\/index.php\/wp-json\/wp\/v2\/pages\/12","targetHints":{"allow":["GET"]}}],"collection":[{"href":"https:\/\/gite-paimpol.fr\/index.php\/wp-json\/wp\/v2\/pages"}],"about":[{"href":"https:\/\/gite-paimpol.fr\/index.php\/wp-json\/wp\/v2\/types\/page"}],"author":[{"embeddable":true,"href":"https:\/\/gite-paimpol.fr\/index.php\/wp-json\/wp\/v2\/users\/1"}],"replies":[{"embeddable":true,"href":"https:\/\/gite-paimpol.fr\/index.php\/wp-json\/wp\/v2\/comments?post=12"}],"version-history":[{"count":49,"href":"https:\/\/gite-paimpol.fr\/index.php\/wp-json\/wp\/v2\/pages\/12\/revisions"}],"predecessor-version":[{"id":456,"href":"https:\/\/gite-paimpol.fr\/index.php\/wp-json\/wp\/v2\/pages\/12\/revisions\/456"}],"wp:attachment":[{"href":"https:\/\/gite-paimpol.fr\/index.php\/wp-json\/wp\/v2\/media?parent=12"}],"curies":[{"name":"wp","href":"https:\/\/api.w.org\/{rel}","templated":true}]}}