{"id":10,"date":"2026-04-15T19:42:14","date_gmt":"2026-04-15T19:42:14","guid":{"rendered":"http:\/\/hflcdzh.cluster121.hosting.ovh.net\/?page_id=10"},"modified":"2026-04-18T20:52:51","modified_gmt":"2026-04-18T20:52:51","slug":"accueil","status":"publish","type":"page","link":"https:\/\/gite-paimpol.fr\/","title":{"rendered":"Accueil"},"content":{"rendered":"\t\t<div data-elementor-type=\"wp-page\" data-elementor-id=\"10\" class=\"elementor elementor-10\">\n\t\t\t\t<div class=\"elementor-element elementor-element-3ec1e02 e-flex e-con-boxed e-con e-parent\" data-id=\"3ec1e02\" data-element_type=\"container\" data-e-type=\"container\">\n\t\t\t\t\t<div class=\"e-con-inner\">\n\t\t\t\t\t\t\t\n\t\t<img class=\"e-image-base \" \n\t\t\t\t\tdata-interaction-id=\"acfd032\" \n\t\t \n\t\t \n\t\t\t\t\t\t\t\t\tid=\"171\"\n\t\t\t\t\t\t\t\t\t\t\t\tsrc=\"https:\/\/gite-paimpol.fr\/wp-content\/uploads\/2026\/04\/banniere-2026psd.png\"\n\t\t\t\t\t\t\t\t\t\t\t\twidth=\"2000\"\n\t\t\t\t\t\t\t\t\t\t\t\theight=\"400\"\n\t\t\t\t\t\t\t\t\t\t\t\tsrcset=\"https:\/\/gite-paimpol.fr\/wp-content\/uploads\/2026\/04\/banniere-2026psd.png 2000w, https:\/\/gite-paimpol.fr\/wp-content\/uploads\/2026\/04\/banniere-2026psd-300x60.png 300w, https:\/\/gite-paimpol.fr\/wp-content\/uploads\/2026\/04\/banniere-2026psd-1024x205.png 1024w, https:\/\/gite-paimpol.fr\/wp-content\/uploads\/2026\/04\/banniere-2026psd-768x154.png 768w, https:\/\/gite-paimpol.fr\/wp-content\/uploads\/2026\/04\/banniere-2026psd-1536x307.png 1536w\"\n\t\t\t\t\t\t\t\t\t\t\t\talt=\"\"\n\t\t\t\t\t\t\/>\n\t\t\t\t\t\t<\/div>\n\t\t\t\t<\/div>\n\t\t<div class=\"elementor-element elementor-element-d209816 e-flex e-con-boxed e-con e-parent\" data-id=\"d209816\" data-element_type=\"container\" data-e-type=\"container\">\n\t\t\t\t\t<div class=\"e-con-inner\">\n\t\t<div class=\"elementor-element elementor-element-30e10b3 e-con-full e-flex e-con e-child\" data-id=\"30e10b3\" data-element_type=\"container\" data-e-type=\"container\">\n\t\t\t\t\t\t\t\n\t\t<img class=\"e-image-base \" \n\t\t\t\t\tdata-interaction-id=\"e5707c0\" \n\t\t \n\t\t \n\t\t\t\t\t\t\t\t\tid=\"69\"\n\t\t\t\t\t\t\t\t\t\t\t\tsrc=\"https:\/\/gite-paimpol.fr\/wp-content\/uploads\/2026\/04\/EXT-4-1.jpg\"\n\t\t\t\t\t\t\t\t\t\t\t\twidth=\"1000\"\n\t\t\t\t\t\t\t\t\t\t\t\theight=\"750\"\n\t\t\t\t\t\t\t\t\t\t\t\tsrcset=\"https:\/\/gite-paimpol.fr\/wp-content\/uploads\/2026\/04\/EXT-4-1.jpg 1000w, https:\/\/gite-paimpol.fr\/wp-content\/uploads\/2026\/04\/EXT-4-1-300x225.jpg 300w, https:\/\/gite-paimpol.fr\/wp-content\/uploads\/2026\/04\/EXT-4-1-768x576.jpg 768w\"\n\t\t\t\t\t\t\t\t\t\t\t\talt=\"\"\n\t\t\t\t\t\t\/>\n\t\t\t\t\t<\/div>\n\t\t<div class=\"elementor-element elementor-element-ab8f889 e-con-full e-flex e-con e-child\" data-id=\"ab8f889\" data-element_type=\"container\" data-e-type=\"container\">\n\t\t\t\t\t\t\t\n\t\t<img class=\"e-image-base \" \n\t\t\t\t\tdata-interaction-id=\"a4e823d\" \n\t\t \n\t\t \n\t\t\t\t\t\t\t\t\tid=\"73\"\n\t\t\t\t\t\t\t\t\t\t\t\tsrc=\"https:\/\/gite-paimpol.fr\/wp-content\/uploads\/2026\/04\/EXT-8.jpg\"\n\t\t\t\t\t\t\t\t\t\t\t\twidth=\"1000\"\n\t\t\t\t\t\t\t\t\t\t\t\theight=\"750\"\n\t\t\t\t\t\t\t\t\t\t\t\tsrcset=\"https:\/\/gite-paimpol.fr\/wp-content\/uploads\/2026\/04\/EXT-8.jpg 1000w, https:\/\/gite-paimpol.fr\/wp-content\/uploads\/2026\/04\/EXT-8-300x225.jpg 300w, https:\/\/gite-paimpol.fr\/wp-content\/uploads\/2026\/04\/EXT-8-768x576.jpg 768w\"\n\t\t\t\t\t\t\t\t\t\t\t\talt=\"\"\n\t\t\t\t\t\t\/>\n\t\t\t\t\t<\/div>\n\t\t<div class=\"elementor-element elementor-element-c1361a6 e-con-full e-flex e-con e-child\" data-id=\"c1361a6\" data-element_type=\"container\" data-e-type=\"container\">\n\t\t\t\t\t\t\t\n\t\t<img class=\"e-image-base \" \n\t\t\t\t\tdata-interaction-id=\"eb2ec36\" \n\t\t \n\t\t \n\t\t\t\t\t\t\t\t\tid=\"66\"\n\t\t\t\t\t\t\t\t\t\t\t\tsrc=\"https:\/\/gite-paimpol.fr\/wp-content\/uploads\/2026\/04\/EXT-1.jpg\"\n\t\t\t\t\t\t\t\t\t\t\t\twidth=\"1000\"\n\t\t\t\t\t\t\t\t\t\t\t\theight=\"750\"\n\t\t\t\t\t\t\t\t\t\t\t\tsrcset=\"https:\/\/gite-paimpol.fr\/wp-content\/uploads\/2026\/04\/EXT-1.jpg 1000w, https:\/\/gite-paimpol.fr\/wp-content\/uploads\/2026\/04\/EXT-1-300x225.jpg 300w, https:\/\/gite-paimpol.fr\/wp-content\/uploads\/2026\/04\/EXT-1-768x576.jpg 768w\"\n\t\t\t\t\t\t\t\t\t\t\t\talt=\"\"\n\t\t\t\t\t\t\/>\n\t\t\t\t\t<\/div>\n\t\t<div class=\"elementor-element elementor-element-afbab1c e-con-full e-flex e-con e-child\" data-id=\"afbab1c\" data-element_type=\"container\" data-e-type=\"container\">\n\t\t\t\t\t\t\t\n\t\t<img class=\"e-image-base \" \n\t\t\t\t\tdata-interaction-id=\"6b8fae4\" \n\t\t \n\t\t \n\t\t\t\t\t\t\t\t\tid=\"163\"\n\t\t\t\t\t\t\t\t\t\t\t\tsrc=\"https:\/\/gite-paimpol.fr\/wp-content\/uploads\/2026\/04\/082-Small.jpg\"\n\t\t\t\t\t\t\t\t\t\t\t\twidth=\"640\"\n\t\t\t\t\t\t\t\t\t\t\t\theight=\"517\"\n\t\t\t\t\t\t\t\t\t\t\t\tsrcset=\"https:\/\/gite-paimpol.fr\/wp-content\/uploads\/2026\/04\/082-Small.jpg 640w, https:\/\/gite-paimpol.fr\/wp-content\/uploads\/2026\/04\/082-Small-300x242.jpg 300w\"\n\t\t\t\t\t\t\t\t\t\t\t\talt=\"\"\n\t\t\t\t\t\t\/>\n\t\t\t\t\t<\/div>\n\t\t<div class=\"elementor-element elementor-element-1caf64e e-con-full e-flex e-con e-child\" data-id=\"1caf64e\" data-element_type=\"container\" data-e-type=\"container\">\n\t\t\t\t\t\t\t\n\t\t<img class=\"e-image-base e-2889259-ba85017\" \n\t\t\t\t\tdata-interaction-id=\"2889259\" \n\t\t \n\t\t \n\t\t\t\t\t\t\t\t\tid=\"164\"\n\t\t\t\t\t\t\t\t\t\t\t\tsrc=\"https:\/\/gite-paimpol.fr\/wp-content\/uploads\/2026\/04\/20170429_102529.jpg\"\n\t\t\t\t\t\t\t\t\t\t\t\twidth=\"1600\"\n\t\t\t\t\t\t\t\t\t\t\t\theight=\"900\"\n\t\t\t\t\t\t\t\t\t\t\t\tsrcset=\"https:\/\/gite-paimpol.fr\/wp-content\/uploads\/2026\/04\/20170429_102529.jpg 1600w, https:\/\/gite-paimpol.fr\/wp-content\/uploads\/2026\/04\/20170429_102529-300x169.jpg 300w, https:\/\/gite-paimpol.fr\/wp-content\/uploads\/2026\/04\/20170429_102529-1024x576.jpg 1024w, https:\/\/gite-paimpol.fr\/wp-content\/uploads\/2026\/04\/20170429_102529-768x432.jpg 768w, https:\/\/gite-paimpol.fr\/wp-content\/uploads\/2026\/04\/20170429_102529-1536x864.jpg 1536w\"\n\t\t\t\t\t\t\t\t\t\t\t\talt=\"\"\n\t\t\t\t\t\t\/>\n\t\t\t\t\t<\/div>\n\t\t\t\t\t<\/div>\n\t\t\t\t<\/div>\n\t\t\t\t<div class=\"elementor-element elementor-element-9408343 e-con e-atomic-element e-flexbox-base\" data-id=\"9408343\" data-element_type=\"e-flexbox\" data-e-type=\"e-flexbox\" data-interaction-id=\"9408343\">\n\t\t\t\t\t\t\t\t<p class=\"e-41c4bdc-d35be3b e-paragraph-base\" data-interaction-id=\"41c4bdc\"  >\n\t\t\t\t\t\t\t\tVenez profiter d\u2019un s\u00e9jour hors du temps dans cette maison individuelle nomm\u00e9e <strong id=\"e-mo0iy5v9-kgx2w4r\">\"La Vigie\"<\/strong>. <br><br>Son nom puise son origine dans son histoire : gr\u00e2ce \u00e0 sa vue imprenable sur <strong id=\"e-mo0iy5v9-7jefws3\">l\u2019estuaire du Trieux<\/strong>, elle servait autrefois de point d\u2019observation pour surveiller le trafic maritime.<br><br>Aujourd\u2019hui, La Vigie est devenue un <strong id=\"e-mo0iy5v9-wln0ryp\">v\u00e9ritable havre de paix, nich\u00e9 entre terre et mer<\/strong>, offrant \u00e0 ses visiteurs un cadre id\u00e9al pour se ressourcer en toute tranquillit\u00e9.\n\t\t\t\t\t<\/p>\n\t\t\t\t<\/div>\n\t\t<div class=\"elementor-element elementor-element-cc40808 e-flex e-con-boxed e-con e-parent\" data-id=\"cc40808\" data-element_type=\"container\" data-e-type=\"container\">\n\t\t\t\t\t<div class=\"e-con-inner\">\n\t\t<div class=\"elementor-element elementor-element-94a670a e-con-full e-flex e-con e-child\" data-id=\"94a670a\" data-element_type=\"container\" data-e-type=\"container\">\n\t\t\t\t\t\t\t\n\t\t<img class=\"e-image-base \" \n\t\t\t\t\tdata-interaction-id=\"41e3923\" \n\t\t \n\t\t \n\t\t\t\t\t\t\t\t\tid=\"67\"\n\t\t\t\t\t\t\t\t\t\t\t\tsrc=\"https:\/\/gite-paimpol.fr\/wp-content\/uploads\/2026\/04\/EXT-2.jpg\"\n\t\t\t\t\t\t\t\t\t\t\t\twidth=\"1000\"\n\t\t\t\t\t\t\t\t\t\t\t\theight=\"750\"\n\t\t\t\t\t\t\t\t\t\t\t\tsrcset=\"https:\/\/gite-paimpol.fr\/wp-content\/uploads\/2026\/04\/EXT-2.jpg 1000w, https:\/\/gite-paimpol.fr\/wp-content\/uploads\/2026\/04\/EXT-2-300x225.jpg 300w, https:\/\/gite-paimpol.fr\/wp-content\/uploads\/2026\/04\/EXT-2-768x576.jpg 768w\"\n\t\t\t\t\t\t\t\t\t\t\t\talt=\"\"\n\t\t\t\t\t\t\/>\n\t\t\t\t\t<\/div>\n\t\t<div class=\"elementor-element elementor-element-1ebed59 e-con-full e-flex e-con e-child\" data-id=\"1ebed59\" data-element_type=\"container\" data-e-type=\"container\">\n\t\t\t\t<div class=\"elementor-element elementor-element-324cb12 e-con e-atomic-element e-flexbox-base\" data-id=\"324cb12\" data-element_type=\"e-flexbox\" data-e-type=\"e-flexbox\" data-interaction-id=\"324cb12\">\n\t\t\t\t\t\t\t\n\t\t<img class=\"e-image-base \" \n\t\t\t\t\tdata-interaction-id=\"17b9699\" \n\t\t \n\t\t \n\t\t\t\t\t\t\t\t\tid=\"88\"\n\t\t\t\t\t\t\t\t\t\t\t\tsrc=\"https:\/\/gite-paimpol.fr\/wp-content\/uploads\/2026\/04\/Sans-titre-11.png\"\n\t\t\t\t\t\t\t\t\t\t\t\twidth=\"600\"\n\t\t\t\t\t\t\t\t\t\t\t\theight=\"300\"\n\t\t\t\t\t\t\t\t\t\t\t\tsrcset=\"https:\/\/gite-paimpol.fr\/wp-content\/uploads\/2026\/04\/Sans-titre-11.png 600w, https:\/\/gite-paimpol.fr\/wp-content\/uploads\/2026\/04\/Sans-titre-11-300x150.png 300w\"\n\t\t\t\t\t\t\t\t\t\t\t\talt=\"\"\n\t\t\t\t\t\t\/>\n\t\t\t\t\t<\/div>\n\t\t\t\t<\/div>\n\t\t\t\t\t<\/div>\n\t\t\t\t<\/div>\n\t\t\t\t<\/div>\n\t\t","protected":false},"excerpt":{"rendered":"<p>Venez profiter d\u2019un s\u00e9jour hors du temps dans cette maison individuelle nomm\u00e9e &#8220;La Vigie&#8221;. Son nom puise son origine dans son histoire : gr\u00e2ce \u00e0 sa vue imprenable sur l\u2019estuaire du Trieux, elle servait autrefois de point d\u2019observation pour surveiller le trafic maritime. Aujourd\u2019hui, La Vigie est devenue un v\u00e9ritable havre de paix, nich\u00e9 entre [&hellip;]<\/p>\n","protected":false},"author":1,"featured_media":0,"parent":0,"menu_order":0,"comment_status":"closed","ping_status":"closed","template":"","meta":{"footnotes":""},"class_list":["post-10","page","type-page","status-publish","hentry"],"blocksy_meta":[],"_links":{"self":[{"href":"https:\/\/gite-paimpol.fr\/index.php\/wp-json\/wp\/v2\/pages\/10","targetHints":{"allow":["GET"]}}],"collection":[{"href":"https:\/\/gite-paimpol.fr\/index.php\/wp-json\/wp\/v2\/pages"}],"about":[{"href":"https:\/\/gite-paimpol.fr\/index.php\/wp-json\/wp\/v2\/types\/page"}],"author":[{"embeddable":true,"href":"https:\/\/gite-paimpol.fr\/index.php\/wp-json\/wp\/v2\/users\/1"}],"replies":[{"embeddable":true,"href":"https:\/\/gite-paimpol.fr\/index.php\/wp-json\/wp\/v2\/comments?post=10"}],"version-history":[{"count":31,"href":"https:\/\/gite-paimpol.fr\/index.php\/wp-json\/wp\/v2\/pages\/10\/revisions"}],"predecessor-version":[{"id":470,"href":"https:\/\/gite-paimpol.fr\/index.php\/wp-json\/wp\/v2\/pages\/10\/revisions\/470"}],"wp:attachment":[{"href":"https:\/\/gite-paimpol.fr\/index.php\/wp-json\/wp\/v2\/media?parent=10"}],"curies":[{"name":"wp","href":"https:\/\/api.w.org\/{rel}","templated":true}]}}